{"id":563,"date":"2021-04-26T09:11:31","date_gmt":"2021-04-26T09:11:31","guid":{"rendered":"https:\/\/dynamic-partner.es\/?page_id=563"},"modified":"2021-08-19T09:27:36","modified_gmt":"2021-08-19T09:27:36","slug":"por-que-utilizar-una-dmc","status":"publish","type":"page","link":"https:\/\/www.dynamic-partners.es\/?page_id=563","title":{"rendered":"\u00bfPor qu\u00e9 utilizar una DMC?"},"content":{"rendered":"<p>[et_pb_section fb_built=\u00bb1&#8243; fullwidth=\u00bbon\u00bb _builder_version=\u00bb4.9.2&#8243; _module_preset=\u00bbdefault\u00bb][et_pb_fullwidth_image src=\u00bbhttps:\/\/dynamic-partners.es\/wp-content\/uploads\/2021\/04\/Por-que-utilizar-una-DMC-uno.jpg\u00bb title_text=\u00bbPor que utilizar una DMC uno\u00bb _builder_version=\u00bb4.9.2&#8243; _module_preset=\u00bbdefault\u00bb][\/et_pb_fullwidth_image][\/et_pb_section][et_pb_section fb_built=\u00bb1&#8243; _builder_version=\u00bb4.9.2&#8243; _module_preset=\u00bbdefault\u00bb][et_pb_row _builder_version=\u00bb4.9.2&#8243; _module_preset=\u00bbdefault\u00bb][et_pb_column type=\u00bb4_4&#8243; _builder_version=\u00bb4.9.2&#8243; _module_preset=\u00bbdefault\u00bb][et_pb_text _builder_version=\u00bb4.9.4&#8243; _module_preset=\u00bbdefault\u00bb]<\/p>\n<h1 style=\"text-align: center;\"><strong><span style=\"color: #993366;\">\u00bfPor qu\u00e9 utilizar un DMC?<\/span><\/strong><\/h1>\n<p>[\/et_pb_text][\/et_pb_column][\/et_pb_row][et_pb_row _builder_version=\u00bb4.9.4&#8243; _module_preset=\u00bbdefault\u00bb width=\u00bb96.1%\u00bb custom_margin=\u00bb|auto||14px||\u00bb][et_pb_column type=\u00bb4_4&#8243; _builder_version=\u00bb4.9.2&#8243; _module_preset=\u00bbdefault\u00bb][et_pb_text _builder_version=\u00bb4.9.10&#8243; _module_preset=\u00bbdefault\u00bb width=\u00bb91%\u00bb custom_margin=\u00bb|-354px||||\u00bb hover_enabled=\u00bb0&#8243; sticky_enabled=\u00bb0&#8243;]<\/p>\n<p style=\"text-align: justify;\">\u00a0 \u00a0 \u00a0 \u00a0Un buen DMC proporciona <strong>retorno sobre la inversi\u00f3n (ROI)\u00a0<\/strong>a clientes con objetivos y metas para un programa espec\u00edfico. Como el \u00abarquitecto local\u00bb, un DMC cualificado puede integrar espacios exclusivos, atracciones y recursos de cada destino que mejor se adapten a sus especificaciones, asegurando el \u00e9xito de su programa. Esto le ahorra tiempo y dinero en \u00e1reas tales como investigaci\u00f3n, negociaci\u00f3n, planificaci\u00f3n creativa y b\u00fasqueda de los proveedores profesionales. Un buen DMC tambi\u00e9n aporta valor a\u00f1adido a trav\u00e9s de conexiones, servicios preferenciales y tranquilidad.<\/p>\n<p>[\/et_pb_text][et_pb_text _builder_version=\u00bb4.9.10&#8243; _module_preset=\u00bbdefault\u00bb width=\u00bb91%\u00bb custom_margin=\u00bb|-601px||||\u00bb hover_enabled=\u00bb0&#8243; sticky_enabled=\u00bb0&#8243;]<\/p>\n<p style=\"text-align: justify;\">\u00a0 \u00a0 \u00a0 \u00a0Muchas personas no se dan cuenta del esfuerzo, el n\u00famero de horas y recursos que planificar, organizar y administrar una conferencia o evento corporativo pueden acarrear. Como sus organizadores de eventos aplicamos la misma creatividad a cada evento, ya sea que est\u00e1 preparando un viaje de incentivo, una importante conferencia o una peque\u00f1a reuni\u00f3n de negocios. Nuestro profundo conocimiento de la oferta y nuestros muchos a\u00f1os de experiencia en planificaci\u00f3n le pueden ayudar en la creaci\u00f3n de evento de alta calidad, innovadores para cualquier presupuesto y tama\u00f1o de grupo y orientados espec\u00edficamente a sus propias necesidades.<\/p>\n<p>[\/et_pb_text][et_pb_text _builder_version=\u00bb4.9.10&#8243; _module_preset=\u00bbdefault\u00bb width=\u00bb90%\u00bb custom_margin=\u00bb|-610px||||\u00bb hover_enabled=\u00bb0&#8243; sticky_enabled=\u00bb0&#8243;]<\/p>\n<p style=\"text-align: justify;\">\u00a0 \u00a0 \u00a0 \u00a0En\u00a0<strong>D&amp;P\u00a0<\/strong>tenemos las conexi\u00f3nes para abrir puertas en espacios y lugares \u00fanicos que no est\u00e1n disponibles al p\u00fablico, para conseguir entradas preferenciales en restaurantes exclusivos y eventos singulares, para hacer posible lo imposible, todo lo cual le permite centrarse en los componentes principales de la reuni\u00f3n, convenci\u00f3n o programa de viaje de incentivo.<\/p>\n<p>[\/et_pb_text][\/et_pb_column][\/et_pb_row][et_pb_row _builder_version=\u00bb4.9.4&#8243; _module_preset=\u00bbdefault\u00bb][et_pb_column type=\u00bb4_4&#8243; _builder_version=\u00bb4.9.4&#8243; _module_preset=\u00bbdefault\u00bb][\/et_pb_column][\/et_pb_row][\/et_pb_section]<\/p>\n","protected":false},"excerpt":{"rendered":"<p>\u00bfPor qu\u00e9 utilizar un DMC? \u00a0 \u00a0 \u00a0 \u00a0Un buen DMC proporciona retorno sobre la inversi\u00f3n (ROI)\u00a0a clientes con objetivos y metas para un programa espec\u00edfico. Como el \u00abarquitecto local\u00bb, un DMC cualificado puede integrar espacios exclusivos, atracciones y recursos de cada destino que mejor se adapten a sus especificaciones, asegurando el \u00e9xito de su [&hellip;]<\/p>\n","protected":false},"author":2,"featured_media":0,"parent":0,"menu_order":0,"comment_status":"closed","ping_status":"closed","template":"","meta":{"_et_pb_use_builder":"on","_et_pb_old_content":"","_et_gb_content_width":"","footnotes":""},"class_list":["post-563","page","type-page","status-publish","hentry"],"yoast_head":"<!-- This site is optimized with the Yoast SEO plugin v24.7 - https:\/\/yoast.com\/wordpress\/plugins\/seo\/ -->\n<title>\u00bfPor qu\u00e9 utilizar una DMC? - DMC Spain \u2013 Destination Management Company in Spain<\/title>\n<meta name=\"robots\" content=\"index, follow, max-snippet:-1, max-image-preview:large, max-video-preview:-1\" \/>\n<link rel=\"canonical\" href=\"https:\/\/www.dynamic-partners.es\/?page_id=563\" \/>\n<meta property=\"og:locale\" content=\"es_ES\" \/>\n<meta property=\"og:type\" content=\"article\" \/>\n<meta property=\"og:title\" content=\"\u00bfPor qu\u00e9 utilizar una DMC? - DMC Spain \u2013 Destination Management Company in Spain\" \/>\n<meta property=\"og:description\" content=\"\u00bfPor qu\u00e9 utilizar un DMC? \u00a0 \u00a0 \u00a0 \u00a0Un buen DMC proporciona retorno sobre la inversi\u00f3n (ROI)\u00a0a clientes con objetivos y metas para un programa espec\u00edfico. Como el \u00abarquitecto local\u00bb, un DMC cualificado puede integrar espacios exclusivos, atracciones y recursos de cada destino que mejor se adapten a sus especificaciones, asegurando el \u00e9xito de su [&hellip;]\" \/>\n<meta property=\"og:url\" content=\"https:\/\/www.dynamic-partners.es\/?page_id=563\" \/>\n<meta property=\"og:site_name\" content=\"DMC Spain \u2013 Destination Management Company in Spain\" \/>\n<meta property=\"article:publisher\" content=\"https:\/\/www.facebook.com\/dynamicpartners\/\" \/>\n<meta property=\"article:modified_time\" content=\"2021-08-19T09:27:36+00:00\" \/>\n<meta name=\"twitter:card\" content=\"summary_large_image\" \/>\n<meta name=\"twitter:site\" content=\"@dynamicpartner\" \/>\n<meta name=\"twitter:label1\" content=\"Tiempo de lectura\" \/>\n\t<meta name=\"twitter:data1\" content=\"2 minutos\" \/>\n<script type=\"application\/ld+json\" class=\"yoast-schema-graph\">{\"@context\":\"https:\/\/schema.org\",\"@graph\":[{\"@type\":\"WebPage\",\"@id\":\"https:\/\/www.dynamic-partners.es\/?page_id=563\",\"url\":\"https:\/\/www.dynamic-partners.es\/?page_id=563\",\"name\":\"\u00bfPor qu\u00e9 utilizar una DMC? - DMC Spain \u2013 Destination Management Company in Spain\",\"isPartOf\":{\"@id\":\"https:\/\/www.dynamic-partners.es\/#website\"},\"datePublished\":\"2021-04-26T09:11:31+00:00\",\"dateModified\":\"2021-08-19T09:27:36+00:00\",\"breadcrumb\":{\"@id\":\"https:\/\/www.dynamic-partners.es\/?page_id=563#breadcrumb\"},\"inLanguage\":\"es\",\"potentialAction\":[{\"@type\":\"ReadAction\",\"target\":[\"https:\/\/www.dynamic-partners.es\/?page_id=563\"]}]},{\"@type\":\"BreadcrumbList\",\"@id\":\"https:\/\/www.dynamic-partners.es\/?page_id=563#breadcrumb\",\"itemListElement\":[{\"@type\":\"ListItem\",\"position\":1,\"name\":\"Portada\",\"item\":\"https:\/\/www.dynamic-partners.es\/\"},{\"@type\":\"ListItem\",\"position\":2,\"name\":\"\u00bfPor qu\u00e9 utilizar una DMC?\"}]},{\"@type\":\"WebSite\",\"@id\":\"https:\/\/www.dynamic-partners.es\/#website\",\"url\":\"https:\/\/www.dynamic-partners.es\/\",\"name\":\"DMC Spain \u2013 Destination Management Company in Spain\",\"description\":\"Dynamic &amp; Partners DMC\",\"publisher\":{\"@id\":\"https:\/\/www.dynamic-partners.es\/#organization\"},\"potentialAction\":[{\"@type\":\"SearchAction\",\"target\":{\"@type\":\"EntryPoint\",\"urlTemplate\":\"https:\/\/www.dynamic-partners.es\/?s={search_term_string}\"},\"query-input\":{\"@type\":\"PropertyValueSpecification\",\"valueRequired\":true,\"valueName\":\"search_term_string\"}}],\"inLanguage\":\"es\"},{\"@type\":\"Organization\",\"@id\":\"https:\/\/www.dynamic-partners.es\/#organization\",\"name\":\"DYNAMIC & PARTNERS - Incentives & Conventions SPAIN & PORTUGAL\",\"url\":\"https:\/\/www.dynamic-partners.es\/\",\"logo\":{\"@type\":\"ImageObject\",\"inLanguage\":\"es\",\"@id\":\"https:\/\/www.dynamic-partners.es\/#\/schema\/logo\/image\/\",\"url\":\"https:\/\/www.dynamic-partners.es\/wp-content\/uploads\/2021\/03\/logo_dp_backgoung_white.png\",\"contentUrl\":\"https:\/\/www.dynamic-partners.es\/wp-content\/uploads\/2021\/03\/logo_dp_backgoung_white.png\",\"width\":248,\"height\":80,\"caption\":\"DYNAMIC & PARTNERS - Incentives & Conventions SPAIN & PORTUGAL\"},\"image\":{\"@id\":\"https:\/\/www.dynamic-partners.es\/#\/schema\/logo\/image\/\"},\"sameAs\":[\"https:\/\/www.facebook.com\/dynamicpartners\/\",\"https:\/\/x.com\/dynamicpartner\",\"https:\/\/www.instagram.com\/dynamicpartners\/\"]}]}<\/script>\n<!-- \/ Yoast SEO plugin. -->","yoast_head_json":{"title":"\u00bfPor qu\u00e9 utilizar una DMC? - DMC Spain \u2013 Destination Management Company in Spain","robots":{"index":"index","follow":"follow","max-snippet":"max-snippet:-1","max-image-preview":"max-image-preview:large","max-video-preview":"max-video-preview:-1"},"canonical":"https:\/\/www.dynamic-partners.es\/?page_id=563","og_locale":"es_ES","og_type":"article","og_title":"\u00bfPor qu\u00e9 utilizar una DMC? - DMC Spain \u2013 Destination Management Company in Spain","og_description":"\u00bfPor qu\u00e9 utilizar un DMC? \u00a0 \u00a0 \u00a0 \u00a0Un buen DMC proporciona retorno sobre la inversi\u00f3n (ROI)\u00a0a clientes con objetivos y metas para un programa espec\u00edfico. Como el \u00abarquitecto local\u00bb, un DMC cualificado puede integrar espacios exclusivos, atracciones y recursos de cada destino que mejor se adapten a sus especificaciones, asegurando el \u00e9xito de su [&hellip;]","og_url":"https:\/\/www.dynamic-partners.es\/?page_id=563","og_site_name":"DMC Spain \u2013 Destination Management Company in Spain","article_publisher":"https:\/\/www.facebook.com\/dynamicpartners\/","article_modified_time":"2021-08-19T09:27:36+00:00","twitter_card":"summary_large_image","twitter_site":"@dynamicpartner","twitter_misc":{"Tiempo de lectura":"2 minutos"},"schema":{"@context":"https:\/\/schema.org","@graph":[{"@type":"WebPage","@id":"https:\/\/www.dynamic-partners.es\/?page_id=563","url":"https:\/\/www.dynamic-partners.es\/?page_id=563","name":"\u00bfPor qu\u00e9 utilizar una DMC? - DMC Spain \u2013 Destination Management Company in Spain","isPartOf":{"@id":"https:\/\/www.dynamic-partners.es\/#website"},"datePublished":"2021-04-26T09:11:31+00:00","dateModified":"2021-08-19T09:27:36+00:00","breadcrumb":{"@id":"https:\/\/www.dynamic-partners.es\/?page_id=563#breadcrumb"},"inLanguage":"es","potentialAction":[{"@type":"ReadAction","target":["https:\/\/www.dynamic-partners.es\/?page_id=563"]}]},{"@type":"BreadcrumbList","@id":"https:\/\/www.dynamic-partners.es\/?page_id=563#breadcrumb","itemListElement":[{"@type":"ListItem","position":1,"name":"Portada","item":"https:\/\/www.dynamic-partners.es\/"},{"@type":"ListItem","position":2,"name":"\u00bfPor qu\u00e9 utilizar una DMC?"}]},{"@type":"WebSite","@id":"https:\/\/www.dynamic-partners.es\/#website","url":"https:\/\/www.dynamic-partners.es\/","name":"DMC Spain \u2013 Destination Management Company in Spain","description":"Dynamic &amp; Partners DMC","publisher":{"@id":"https:\/\/www.dynamic-partners.es\/#organization"},"potentialAction":[{"@type":"SearchAction","target":{"@type":"EntryPoint","urlTemplate":"https:\/\/www.dynamic-partners.es\/?s={search_term_string}"},"query-input":{"@type":"PropertyValueSpecification","valueRequired":true,"valueName":"search_term_string"}}],"inLanguage":"es"},{"@type":"Organization","@id":"https:\/\/www.dynamic-partners.es\/#organization","name":"DYNAMIC & PARTNERS - Incentives & Conventions SPAIN & PORTUGAL","url":"https:\/\/www.dynamic-partners.es\/","logo":{"@type":"ImageObject","inLanguage":"es","@id":"https:\/\/www.dynamic-partners.es\/#\/schema\/logo\/image\/","url":"https:\/\/www.dynamic-partners.es\/wp-content\/uploads\/2021\/03\/logo_dp_backgoung_white.png","contentUrl":"https:\/\/www.dynamic-partners.es\/wp-content\/uploads\/2021\/03\/logo_dp_backgoung_white.png","width":248,"height":80,"caption":"DYNAMIC & PARTNERS - Incentives & Conventions SPAIN & PORTUGAL"},"image":{"@id":"https:\/\/www.dynamic-partners.es\/#\/schema\/logo\/image\/"},"sameAs":["https:\/\/www.facebook.com\/dynamicpartners\/","https:\/\/x.com\/dynamicpartner","https:\/\/www.instagram.com\/dynamicpartners\/"]}]}},"_links":{"self":[{"href":"https:\/\/www.dynamic-partners.es\/index.php?rest_route=\/wp\/v2\/pages\/563","targetHints":{"allow":["GET"]}}],"collection":[{"href":"https:\/\/www.dynamic-partners.es\/index.php?rest_route=\/wp\/v2\/pages"}],"about":[{"href":"https:\/\/www.dynamic-partners.es\/index.php?rest_route=\/wp\/v2\/types\/page"}],"author":[{"embeddable":true,"href":"https:\/\/www.dynamic-partners.es\/index.php?rest_route=\/wp\/v2\/users\/2"}],"replies":[{"embeddable":true,"href":"https:\/\/www.dynamic-partners.es\/index.php?rest_route=%2Fwp%2Fv2%2Fcomments&post=563"}],"version-history":[{"count":15,"href":"https:\/\/www.dynamic-partners.es\/index.php?rest_route=\/wp\/v2\/pages\/563\/revisions"}],"predecessor-version":[{"id":2278,"href":"https:\/\/www.dynamic-partners.es\/index.php?rest_route=\/wp\/v2\/pages\/563\/revisions\/2278"}],"wp:attachment":[{"href":"https:\/\/www.dynamic-partners.es\/index.php?rest_route=%2Fwp%2Fv2%2Fmedia&parent=563"}],"curies":[{"name":"wp","href":"https:\/\/api.w.org\/{rel}","templated":true}]}}