{"id":542,"date":"2021-04-25T08:36:57","date_gmt":"2021-04-25T08:36:57","guid":{"rendered":"https:\/\/dynamic-partner.es\/?page_id=542"},"modified":"2021-08-13T10:45:49","modified_gmt":"2021-08-13T10:45:49","slug":"por-que-dp","status":"publish","type":"page","link":"https:\/\/www.dynamic-partners.es\/?page_id=542","title":{"rendered":"\u00bfPor qu\u00e9 D&#038;P?"},"content":{"rendered":"<p>[et_pb_section fb_built=\u00bb1&#8243; fullwidth=\u00bbon\u00bb _builder_version=\u00bb4.9.2&#8243; _module_preset=\u00bbdefault\u00bb][et_pb_fullwidth_image src=\u00bbhttps:\/\/dynamic-partners.es\/wp-content\/uploads\/2021\/04\/por-que-dp-uno.jpg\u00bb title_text=\u00bbpor que d&#038;p uno\u00bb _builder_version=\u00bb4.9.2&#8243; _module_preset=\u00bbdefault\u00bb][\/et_pb_fullwidth_image][\/et_pb_section][et_pb_section fb_built=\u00bb1&#8243; _builder_version=\u00bb4.9.2&#8243; _module_preset=\u00bbdefault\u00bb][et_pb_row _builder_version=\u00bb4.9.2&#8243; _module_preset=\u00bbdefault\u00bb][et_pb_column type=\u00bb4_4&#8243; _builder_version=\u00bb4.9.2&#8243; _module_preset=\u00bbdefault\u00bb][et_pb_text _builder_version=\u00bb4.9.2&#8243; _module_preset=\u00bbdefault\u00bb]<\/p>\n<h1 style=\"text-align: center;\"><span style=\"color: #993366;\"><strong>\u00bfPor qu\u00e9 D&amp;P?<\/strong><\/span><\/h1>\n<p>[\/et_pb_text][\/et_pb_column][\/et_pb_row][et_pb_row _builder_version=\u00bb4.9.4&#8243; _module_preset=\u00bbdefault\u00bb width=\u00bb97.2%\u00bb custom_margin=\u00bb|-16px||20px||\u00bb custom_padding=\u00bb|67px||29px||\u00bb][et_pb_column type=\u00bb4_4&#8243; _builder_version=\u00bb4.9.2&#8243; _module_preset=\u00bbdefault\u00bb][et_pb_text _builder_version=\u00bb4.9.10&#8243; _module_preset=\u00bbdefault\u00bb width=\u00bb100%\u00bb custom_margin=\u00bb|-342px||||\u00bb]<\/p>\n<p style=\"text-align: justify;\"><strong>&#x2666; <\/strong>Desde una simple reuni\u00f3n de trabajo a extravagancias de entretenimiento y cualquier otra cosa que se le pueda ocurrir, bien sea activaci\u00f3n, comunicaci\u00f3n o marketing experiencial, tenemos la\u00a0<strong>habilidad<\/strong>,\u00a0<strong>dedicaci\u00f3n y recursos propios<\/strong> para poder hacerlo realidad. Nuestra\u00a0<strong>atenci\u00f3n al detalle<\/strong> es reconocida y evidente en todos los aspectos de nuestro trabajo, desde la visualizaci\u00f3n creativa, decoraci\u00f3n y animaci\u00f3n a la legislaci\u00f3n actual, control de multitudes, seguridad y gesti\u00f3n de imprevistos.<\/p>\n<p>[\/et_pb_text][et_pb_text _builder_version=\u00bb4.9.10&#8243; _module_preset=\u00bbdefault\u00bb width=\u00bb100%\u00bb custom_margin=\u00bb|-348px||||\u00bb]<\/p>\n<p style=\"text-align: justify;\"><strong>&#x2666; <\/strong>Nuestro mayor objetivo es\u00a0<strong>una respuesta r\u00e1pida y personalizar\u00a0<\/strong>nuestros servicios por lo que cada uno de los miembros de nuestro staff posee un conocimiento detallado para poder ofrecer soluciones concretas a sus demandas.<\/p>\n<p>[\/et_pb_text][et_pb_text _builder_version=\u00bb4.9.10&#8243; _module_preset=\u00bbdefault\u00bb width=\u00bb100%\u00bb custom_margin=\u00bb|-616px||||\u00bb]<\/p>\n<p style=\"text-align: justify;\"><strong>&#x2666; <\/strong>D&amp;P es una agencia\u00a0<strong>\u00abboutique\u00bb para MICE<\/strong> lo que nos permite\u00a0<strong>contacto directo y exclusivo\u00a0<\/strong>sin importar d\u00f3nde se desarrolla el evento. De esta forma conseguimos una proximidad personal y nuestra m\u00e1xima conexi\u00f3n con el consiguiente ahorro en tiempo y esfuerzos para alcanzar una mayor eficacia. Trabajando como\u00a0<strong>parte de su equipo<\/strong> y siempre orientados al servicio al cliente definiremos con precisi\u00f3n y exactitud cu\u00e1l es el concepto del evento para que tanto las tareas previas como la propia materializaci\u00f3n del mismo sean un \u00e9xito.<\/p>\n<p>[\/et_pb_text][et_pb_text _builder_version=\u00bb4.9.10&#8243; _module_preset=\u00bbdefault\u00bb width=\u00bb99.8%\u00bb custom_margin=\u00bb|-654px||||\u00bb custom_padding=\u00bb|0px||||\u00bb]<\/p>\n<p style=\"text-align: justify;\"><strong>&#x2666; <\/strong>Si bien nuestras credenciales incluyen una reputaci\u00f3n envidiable, una emocionante trayectoria de m\u00e1s de 20 a\u00f1os y una importante cartera de cuentas, nuestro punto de diferencia es que tomamos responsabilidad del \u00e9xito de nuestros clientes y estamos siempre\u00a0<strong>a disposici\u00f3n 24\/7<\/strong> a lo largo del proyecto para administrar el control de calidad y para asegurar que su evento sea extraordinario.<\/p>\n<p>[\/et_pb_text][et_pb_text _builder_version=\u00bb4.9.10&#8243; _module_preset=\u00bbdefault\u00bb custom_padding=\u00bb||0px|||\u00bb]<\/p>\n<p><span style=\"color: #993366;\"><strong><span style=\"color: #000000;\">&#x2666;<\/span> \u00a0Nuestra misi\u00f3n:<\/strong><\/span><\/p>\n<p>[\/et_pb_text][et_pb_text _builder_version=\u00bb4.9.10&#8243; _module_preset=\u00bbdefault\u00bb width=\u00bb78%\u00bb custom_margin=\u00bb|-452px||||\u00bb]<\/p>\n<p style=\"padding-left: 80px; text-align: justify;\"><strong>&#x2666; \u00a0Soluciones globales para gesti\u00f3n integral de eventos con resultados de \u00e9xito.<\/strong><\/p>\n<p style=\"padding-left: 80px; text-align: justify;\"><strong><\/strong><\/p>\n<p style=\"padding-left: 80px; text-align: justify;\"><strong>&#x2666; \u00a0Poder de negociaci\u00f3n con los proveedores.<\/strong><\/p>\n<p style=\"padding-left: 80px; text-align: justify;\"><strong><\/strong><\/p>\n<p style=\"padding-left: 80px; text-align: justify;\"><strong>&#x2666; \u00a0Propuestas innovadoras, rentables y eficaces, ahorro de tiempo y esfuerzos.<\/strong><\/p>\n<p style=\"padding-left: 80px; text-align: justify;\"><strong><\/strong><\/p>\n<p style=\"padding-left: 80px; text-align: justify;\"><strong>&#x2666; \u00a0Transparencia y flexibilidad para adaptarnos al presupuesto de la forma m\u00e1s efectiva.<\/strong><\/p>\n<p style=\"padding-left: 80px; text-align: justify;\"><strong><\/strong><\/p>\n<p style=\"padding-left: 80px; text-align: justify;\"><strong>&#x2666; \u00a0Capacidad pro-activa y resolutiva.<\/strong><\/p>\n<p style=\"padding-left: 80px; text-align: justify;\"><strong><\/strong><\/p>\n<p style=\"padding-left: 80px; text-align: justify;\"><strong>&#x2666; \u00a0Momentos \u00fanicos a trav\u00e9s de apasionantes y cautivadoras alternativas.<\/strong><\/p>\n<p>[\/et_pb_text][et_pb_text _builder_version=\u00bb4.9.10&#8243; _module_preset=\u00bbdefault\u00bb]<\/p>\n<p><span style=\"color: #000000;\"><strong>&#x2666;<\/strong><\/span><span style=\"color: #993366;\"><strong> \u00a0Nuestra visi\u00f3n y compromiso:<\/strong><\/span><\/p>\n<p>[\/et_pb_text][et_pb_text _builder_version=\u00bb4.9.4&#8243; _module_preset=\u00bbdefault\u00bb width=\u00bb100%\u00bb custom_margin=\u00bb|-647px||0px||\u00bb custom_padding=\u00bb|0px||0px||\u00bb]<\/p>\n<p style=\"text-align: justify;\"><strong>\u00a0 \u00a0 \u00a0 \u00a0Somos una peque\u00f1a agencia \u00abboutique\u00bb pero <em>GRANDE<\/em> en creatividad y calidad de servicio. Nos esforzamos no solo para \u00abganar\u00bb para nuestros clientes ayud\u00e1ndolos a lograr sus objetivos, sino para ayudarlos a \u00abtener \u00e9xito\u00bb.<\/strong><\/p>\n<p style=\"text-align: justify;\">\u00a0 \u00a0<strong> \u00a0 \u00a0A trav\u00e9s del trabajo en equipo, la lealtad, la amistad, la diligencia y la intenci\u00f3n, podemos establecer una comprensi\u00f3n mutua de \u00e9xito real.<\/strong><\/p>\n<p>[\/et_pb_text][et_pb_text _builder_version=\u00bb4.9.10&#8243; _module_preset=\u00bbdefault\u00bb]<\/p>\n<p><span style=\"color: #993366;\"><strong><span style=\"color: #000000;\">&#x2666;<\/span> \u00a0Nuestros valores fundamentales en D&amp;P:<\/strong><\/span><\/p>\n<p>[\/et_pb_text][et_pb_text _builder_version=\u00bb4.9.10&#8243; _module_preset=\u00bbdefault\u00bb custom_margin=\u00bb|-163px||||\u00bb hover_enabled=\u00bb0&#8243; width=\u00bb81%\u00bb sticky_enabled=\u00bb0&#8243;]<\/p>\n<h4><span style=\"color: #993366;\"><strong>\u00a0 \u00a0 \u00a0 \u00a0D<span style=\"color: #000000;\">edicaci\u00f3n a la excelencia y\u00a0<span style=\"color: #993366;\">P<span style=\"color: #000000;\">asi\u00f3n, amamos nuestro trabajo!!<\/span><\/span><\/span><\/strong><\/span><\/h4>\n<p>[\/et_pb_text][\/et_pb_column][\/et_pb_row][et_pb_row _builder_version=\u00bb4.9.4&#8243; _module_preset=\u00bbdefault\u00bb][et_pb_column type=\u00bb4_4&#8243; _builder_version=\u00bb4.9.4&#8243; _module_preset=\u00bbdefault\u00bb][\/et_pb_column][\/et_pb_row][\/et_pb_section]<\/p>\n","protected":false},"excerpt":{"rendered":"<p>\u00bfPor qu\u00e9 D&amp;P? &#x2666; Desde una simple reuni\u00f3n de trabajo a extravagancias de entretenimiento y cualquier otra cosa que se le pueda ocurrir, bien sea activaci\u00f3n, comunicaci\u00f3n o marketing experiencial, tenemos la\u00a0habilidad,\u00a0dedicaci\u00f3n y recursos propios para poder hacerlo realidad. Nuestra\u00a0atenci\u00f3n al detalle es reconocida y evidente en todos los aspectos de nuestro trabajo, desde la [&hellip;]<\/p>\n","protected":false},"author":2,"featured_media":0,"parent":0,"menu_order":0,"comment_status":"closed","ping_status":"closed","template":"","meta":{"_et_pb_use_builder":"on","_et_pb_old_content":"","_et_gb_content_width":"","footnotes":""},"class_list":["post-542","page","type-page","status-publish","hentry"],"yoast_head":"<!-- This site is optimized with the Yoast SEO plugin v24.7 - https:\/\/yoast.com\/wordpress\/plugins\/seo\/ -->\n<title>\u00bfPor qu\u00e9 D&amp;P? - DMC Spain \u2013 Destination Management Company in Spain<\/title>\n<meta name=\"robots\" content=\"index, follow, max-snippet:-1, max-image-preview:large, max-video-preview:-1\" \/>\n<link rel=\"canonical\" href=\"https:\/\/www.dynamic-partners.es\/?page_id=542\" \/>\n<meta property=\"og:locale\" content=\"es_ES\" \/>\n<meta property=\"og:type\" content=\"article\" \/>\n<meta property=\"og:title\" content=\"\u00bfPor qu\u00e9 D&amp;P? - DMC Spain \u2013 Destination Management Company in Spain\" \/>\n<meta property=\"og:description\" content=\"\u00bfPor qu\u00e9 D&amp;P? &#x2666; Desde una simple reuni\u00f3n de trabajo a extravagancias de entretenimiento y cualquier otra cosa que se le pueda ocurrir, bien sea activaci\u00f3n, comunicaci\u00f3n o marketing experiencial, tenemos la\u00a0habilidad,\u00a0dedicaci\u00f3n y recursos propios para poder hacerlo realidad. Nuestra\u00a0atenci\u00f3n al detalle es reconocida y evidente en todos los aspectos de nuestro trabajo, desde la [&hellip;]\" \/>\n<meta property=\"og:url\" content=\"https:\/\/www.dynamic-partners.es\/?page_id=542\" \/>\n<meta property=\"og:site_name\" content=\"DMC Spain \u2013 Destination Management Company in Spain\" \/>\n<meta property=\"article:publisher\" content=\"https:\/\/www.facebook.com\/dynamicpartners\/\" \/>\n<meta property=\"article:modified_time\" content=\"2021-08-13T10:45:49+00:00\" \/>\n<meta name=\"twitter:card\" content=\"summary_large_image\" \/>\n<meta name=\"twitter:site\" content=\"@dynamicpartner\" \/>\n<meta name=\"twitter:label1\" content=\"Tiempo de lectura\" \/>\n\t<meta name=\"twitter:data1\" content=\"4 minutos\" \/>\n<script type=\"application\/ld+json\" class=\"yoast-schema-graph\">{\"@context\":\"https:\/\/schema.org\",\"@graph\":[{\"@type\":\"WebPage\",\"@id\":\"https:\/\/www.dynamic-partners.es\/?page_id=542\",\"url\":\"https:\/\/www.dynamic-partners.es\/?page_id=542\",\"name\":\"\u00bfPor qu\u00e9 D&P? - DMC Spain \u2013 Destination Management Company in Spain\",\"isPartOf\":{\"@id\":\"https:\/\/www.dynamic-partners.es\/#website\"},\"datePublished\":\"2021-04-25T08:36:57+00:00\",\"dateModified\":\"2021-08-13T10:45:49+00:00\",\"breadcrumb\":{\"@id\":\"https:\/\/www.dynamic-partners.es\/?page_id=542#breadcrumb\"},\"inLanguage\":\"es\",\"potentialAction\":[{\"@type\":\"ReadAction\",\"target\":[\"https:\/\/www.dynamic-partners.es\/?page_id=542\"]}]},{\"@type\":\"BreadcrumbList\",\"@id\":\"https:\/\/www.dynamic-partners.es\/?page_id=542#breadcrumb\",\"itemListElement\":[{\"@type\":\"ListItem\",\"position\":1,\"name\":\"Portada\",\"item\":\"https:\/\/www.dynamic-partners.es\/\"},{\"@type\":\"ListItem\",\"position\":2,\"name\":\"\u00bfPor qu\u00e9 D&#038;P?\"}]},{\"@type\":\"WebSite\",\"@id\":\"https:\/\/www.dynamic-partners.es\/#website\",\"url\":\"https:\/\/www.dynamic-partners.es\/\",\"name\":\"DMC Spain \u2013 Destination Management Company in Spain\",\"description\":\"Dynamic &amp; Partners DMC\",\"publisher\":{\"@id\":\"https:\/\/www.dynamic-partners.es\/#organization\"},\"potentialAction\":[{\"@type\":\"SearchAction\",\"target\":{\"@type\":\"EntryPoint\",\"urlTemplate\":\"https:\/\/www.dynamic-partners.es\/?s={search_term_string}\"},\"query-input\":{\"@type\":\"PropertyValueSpecification\",\"valueRequired\":true,\"valueName\":\"search_term_string\"}}],\"inLanguage\":\"es\"},{\"@type\":\"Organization\",\"@id\":\"https:\/\/www.dynamic-partners.es\/#organization\",\"name\":\"DYNAMIC & PARTNERS - Incentives & Conventions SPAIN & PORTUGAL\",\"url\":\"https:\/\/www.dynamic-partners.es\/\",\"logo\":{\"@type\":\"ImageObject\",\"inLanguage\":\"es\",\"@id\":\"https:\/\/www.dynamic-partners.es\/#\/schema\/logo\/image\/\",\"url\":\"https:\/\/www.dynamic-partners.es\/wp-content\/uploads\/2021\/03\/logo_dp_backgoung_white.png\",\"contentUrl\":\"https:\/\/www.dynamic-partners.es\/wp-content\/uploads\/2021\/03\/logo_dp_backgoung_white.png\",\"width\":248,\"height\":80,\"caption\":\"DYNAMIC & PARTNERS - Incentives & Conventions SPAIN & PORTUGAL\"},\"image\":{\"@id\":\"https:\/\/www.dynamic-partners.es\/#\/schema\/logo\/image\/\"},\"sameAs\":[\"https:\/\/www.facebook.com\/dynamicpartners\/\",\"https:\/\/x.com\/dynamicpartner\",\"https:\/\/www.instagram.com\/dynamicpartners\/\"]}]}<\/script>\n<!-- \/ Yoast SEO plugin. -->","yoast_head_json":{"title":"\u00bfPor qu\u00e9 D&P? - DMC Spain \u2013 Destination Management Company in Spain","robots":{"index":"index","follow":"follow","max-snippet":"max-snippet:-1","max-image-preview":"max-image-preview:large","max-video-preview":"max-video-preview:-1"},"canonical":"https:\/\/www.dynamic-partners.es\/?page_id=542","og_locale":"es_ES","og_type":"article","og_title":"\u00bfPor qu\u00e9 D&P? - DMC Spain \u2013 Destination Management Company in Spain","og_description":"\u00bfPor qu\u00e9 D&amp;P? &#x2666; Desde una simple reuni\u00f3n de trabajo a extravagancias de entretenimiento y cualquier otra cosa que se le pueda ocurrir, bien sea activaci\u00f3n, comunicaci\u00f3n o marketing experiencial, tenemos la\u00a0habilidad,\u00a0dedicaci\u00f3n y recursos propios para poder hacerlo realidad. Nuestra\u00a0atenci\u00f3n al detalle es reconocida y evidente en todos los aspectos de nuestro trabajo, desde la [&hellip;]","og_url":"https:\/\/www.dynamic-partners.es\/?page_id=542","og_site_name":"DMC Spain \u2013 Destination Management Company in Spain","article_publisher":"https:\/\/www.facebook.com\/dynamicpartners\/","article_modified_time":"2021-08-13T10:45:49+00:00","twitter_card":"summary_large_image","twitter_site":"@dynamicpartner","twitter_misc":{"Tiempo de lectura":"4 minutos"},"schema":{"@context":"https:\/\/schema.org","@graph":[{"@type":"WebPage","@id":"https:\/\/www.dynamic-partners.es\/?page_id=542","url":"https:\/\/www.dynamic-partners.es\/?page_id=542","name":"\u00bfPor qu\u00e9 D&P? - DMC Spain \u2013 Destination Management Company in Spain","isPartOf":{"@id":"https:\/\/www.dynamic-partners.es\/#website"},"datePublished":"2021-04-25T08:36:57+00:00","dateModified":"2021-08-13T10:45:49+00:00","breadcrumb":{"@id":"https:\/\/www.dynamic-partners.es\/?page_id=542#breadcrumb"},"inLanguage":"es","potentialAction":[{"@type":"ReadAction","target":["https:\/\/www.dynamic-partners.es\/?page_id=542"]}]},{"@type":"BreadcrumbList","@id":"https:\/\/www.dynamic-partners.es\/?page_id=542#breadcrumb","itemListElement":[{"@type":"ListItem","position":1,"name":"Portada","item":"https:\/\/www.dynamic-partners.es\/"},{"@type":"ListItem","position":2,"name":"\u00bfPor qu\u00e9 D&#038;P?"}]},{"@type":"WebSite","@id":"https:\/\/www.dynamic-partners.es\/#website","url":"https:\/\/www.dynamic-partners.es\/","name":"DMC Spain \u2013 Destination Management Company in Spain","description":"Dynamic &amp; Partners DMC","publisher":{"@id":"https:\/\/www.dynamic-partners.es\/#organization"},"potentialAction":[{"@type":"SearchAction","target":{"@type":"EntryPoint","urlTemplate":"https:\/\/www.dynamic-partners.es\/?s={search_term_string}"},"query-input":{"@type":"PropertyValueSpecification","valueRequired":true,"valueName":"search_term_string"}}],"inLanguage":"es"},{"@type":"Organization","@id":"https:\/\/www.dynamic-partners.es\/#organization","name":"DYNAMIC & PARTNERS - Incentives & Conventions SPAIN & PORTUGAL","url":"https:\/\/www.dynamic-partners.es\/","logo":{"@type":"ImageObject","inLanguage":"es","@id":"https:\/\/www.dynamic-partners.es\/#\/schema\/logo\/image\/","url":"https:\/\/www.dynamic-partners.es\/wp-content\/uploads\/2021\/03\/logo_dp_backgoung_white.png","contentUrl":"https:\/\/www.dynamic-partners.es\/wp-content\/uploads\/2021\/03\/logo_dp_backgoung_white.png","width":248,"height":80,"caption":"DYNAMIC & PARTNERS - Incentives & Conventions SPAIN & PORTUGAL"},"image":{"@id":"https:\/\/www.dynamic-partners.es\/#\/schema\/logo\/image\/"},"sameAs":["https:\/\/www.facebook.com\/dynamicpartners\/","https:\/\/x.com\/dynamicpartner","https:\/\/www.instagram.com\/dynamicpartners\/"]}]}},"_links":{"self":[{"href":"https:\/\/www.dynamic-partners.es\/index.php?rest_route=\/wp\/v2\/pages\/542","targetHints":{"allow":["GET"]}}],"collection":[{"href":"https:\/\/www.dynamic-partners.es\/index.php?rest_route=\/wp\/v2\/pages"}],"about":[{"href":"https:\/\/www.dynamic-partners.es\/index.php?rest_route=\/wp\/v2\/types\/page"}],"author":[{"embeddable":true,"href":"https:\/\/www.dynamic-partners.es\/index.php?rest_route=\/wp\/v2\/users\/2"}],"replies":[{"embeddable":true,"href":"https:\/\/www.dynamic-partners.es\/index.php?rest_route=%2Fwp%2Fv2%2Fcomments&post=542"}],"version-history":[{"count":18,"href":"https:\/\/www.dynamic-partners.es\/index.php?rest_route=\/wp\/v2\/pages\/542\/revisions"}],"predecessor-version":[{"id":2140,"href":"https:\/\/www.dynamic-partners.es\/index.php?rest_route=\/wp\/v2\/pages\/542\/revisions\/2140"}],"wp:attachment":[{"href":"https:\/\/www.dynamic-partners.es\/index.php?rest_route=%2Fwp%2Fv2%2Fmedia&parent=542"}],"curies":[{"name":"wp","href":"https:\/\/api.w.org\/{rel}","templated":true}]}}