{"id":455,"date":"2021-04-26T09:18:28","date_gmt":"2021-04-26T09:18:28","guid":{"rendered":"https:\/\/dynamic-partner.es\/?page_id=455"},"modified":"2021-08-11T09:04:45","modified_gmt":"2021-08-11T09:04:45","slug":"espana","status":"publish","type":"page","link":"https:\/\/www.dynamic-partners.es\/?page_id=455","title":{"rendered":"Espa\u00f1a"},"content":{"rendered":"<p>[et_pb_section fb_built=\u00bb1&#8243; fullwidth=\u00bbon\u00bb _builder_version=\u00bb4.9.2&#8243; _module_preset=\u00bbdefault\u00bb][et_pb_fullwidth_image src=\u00bbhttps:\/\/dynamic-partners.es\/wp-content\/uploads\/2021\/04\/Espa\u00f1a-uno.jpg\u00bb title_text=\u00bbEspa\u00f1a uno\u00bb _builder_version=\u00bb4.9.2&#8243; _module_preset=\u00bbdefault\u00bb][\/et_pb_fullwidth_image][\/et_pb_section][et_pb_section fb_built=\u00bb1&#8243; _builder_version=\u00bb4.9.2&#8243; _module_preset=\u00bbdefault\u00bb][et_pb_row _builder_version=\u00bb4.9.2&#8243; _module_preset=\u00bbdefault\u00bb][et_pb_column type=\u00bb4_4&#8243; _builder_version=\u00bb4.9.2&#8243; _module_preset=\u00bbdefault\u00bb][et_pb_text _builder_version=\u00bb4.9.2&#8243; _module_preset=\u00bbdefault\u00bb]<\/p>\n<h1 style=\"text-align: center;\"><span style=\"color: #993366;\"><strong>Espa\u00f1a<\/strong><\/span><\/h1>\n<p>[\/et_pb_text][\/et_pb_column][\/et_pb_row][et_pb_row _builder_version=\u00bb4.9.2&#8243; _module_preset=\u00bbdefault\u00bb][et_pb_column type=\u00bb4_4&#8243; _builder_version=\u00bb4.9.2&#8243; _module_preset=\u00bbdefault\u00bb][et_pb_text _builder_version=\u00bb4.9.2&#8243; _module_preset=\u00bbdefault\u00bb]<\/p>\n<p style=\"text-align: justify;\"><strong>&#x2666;\u00a0 \u00a0<\/strong>D&amp;P da la opci\u00f3n de algunos destinos principales en Espa\u00f1a:<\/p>\n<p style=\"text-align: justify;\">\u00a0 \u00a0 \u00a0<strong>\u203a Madrid<\/strong><\/p>\n<p style=\"text-align: justify;\"><strong>\u00a0 \u00a0 \u00a0 \u203a Barcelona<\/strong><\/p>\n<p style=\"text-align: justify;\"><strong>\u00a0 \u00a0 \u00a0 \u203a M\u00e1laga<\/strong><\/p>\n<p style=\"text-align: justify;\"><strong>\u00a0 \u00a0 \u00a0 \u203a Sevilla<\/strong><\/p>\n<p style=\"text-align: justify;\"><strong>\u00a0 \u00a0 \u00a0 \u203a Bilbao<\/strong><\/p>\n<p style=\"text-align: justify;\"><strong>\u00a0 \u00a0 \u00a0 \u203a Canarias y Baleares<\/strong><\/p>\n<p style=\"text-align: justify;\"><strong>\u00a0 \u00a0 \u00a0 \u203a Valencia<\/strong><\/p>\n<p style=\"text-align: justify;\"><strong><\/strong><\/p>\n<p style=\"text-align: justify;\">\u00a0 \u00a0 \u00a0Recomendamos estos lugares porque con una oferta m\u00e1s amplia y fiable para sus evento, sin embargo, hay muchos otros atractivos e interesantes lugares para explorar y estamos seguros de que podemos hacer que tenga una visi\u00f3n distinta a trav\u00e9s de nosotros.<\/p>\n<p><strong><\/strong><\/p>\n<p style=\"text-align: justify;\"><strong>&#x2666;\u00a0 \u00a0<\/strong>D&amp;P le har\u00e1 conocer los lugares m\u00e1gicos de nuestro patrimonio hist\u00f3rico y otros contempor\u00e1neos, desde palacios reales a los edificios modernos actualizados, incre\u00edbles monta\u00f1as y playas paradisiacas, rincones escondidos que a veces no est\u00e1n f\u00e1cilmente disponibles para cualquiera.<\/p>\n<p>[\/et_pb_text][\/et_pb_column][\/et_pb_row][et_pb_row _builder_version=\u00bb4.9.2&#8243; _module_preset=\u00bbdefault\u00bb][et_pb_column type=\u00bb4_4&#8243; _builder_version=\u00bb4.9.2&#8243; _module_preset=\u00bbdefault\u00bb][et_pb_code _builder_version=\u00bb4.9.2&#8243; _module_preset=\u00bbdefault\u00bb][\/et_pb_code][\/et_pb_column][\/et_pb_row][et_pb_row _builder_version=\u00bb4.9.2&#8243; _module_preset=\u00bbdefault\u00bb][et_pb_column type=\u00bb4_4&#8243; _builder_version=\u00bb4.9.2&#8243; _module_preset=\u00bbdefault\u00bb][et_pb_video src=\u00bbhttps:\/\/www.youtube.com\/watch?v=oEQS4VeR740&#8243; _builder_version=\u00bb4.9.2&#8243; _module_preset=\u00bbdefault\u00bb][\/et_pb_video][\/et_pb_column][\/et_pb_row][et_pb_row _builder_version=\u00bb4.9.2&#8243; _module_preset=\u00bbdefault\u00bb][et_pb_column type=\u00bb4_4&#8243; _builder_version=\u00bb4.9.2&#8243; _module_preset=\u00bbdefault\u00bb][et_pb_code _builder_version=\u00bb4.9.2&#8243; _module_preset=\u00bbdefault\u00bb][\/et_pb_code][\/et_pb_column][\/et_pb_row][et_pb_row _builder_version=\u00bb4.9.2&#8243; _module_preset=\u00bbdefault\u00bb][et_pb_column type=\u00bb4_4&#8243; _builder_version=\u00bb4.9.2&#8243; _module_preset=\u00bbdefault\u00bb][et_pb_text _builder_version=\u00bb4.9.2&#8243; _module_preset=\u00bbdefault\u00bb text_orientation=\u00bbcenter\u00bb]<\/p>\n<h1 style=\"text-align: center;\"><span style=\"color: #993366;\"><strong>\u00bfPor qu\u00e9 Espa\u00f1a?<\/strong><\/span><\/h1>\n<p>[\/et_pb_text][\/et_pb_column][\/et_pb_row][et_pb_row _builder_version=\u00bb4.9.2&#8243; _module_preset=\u00bbdefault\u00bb width=\u00bb95%\u00bb][et_pb_column type=\u00bb4_4&#8243; _builder_version=\u00bb4.9.2&#8243; _module_preset=\u00bbdefault\u00bb][et_pb_text _builder_version=\u00bb4.9.2&#8243; _module_preset=\u00bbdefault\u00bb]<\/p>\n<p style=\"text-align: justify;\"><span style=\"color: #000000;\">Espa\u00f1a sigue siendo uno de los principales destinos de Turismo MICE en todo el mundo. Espa\u00f1a se ha mantenido durante los \u00faltimos a\u00f1os como uno de los principales destinos del mundo para congresos y reuniones. A pesar de la actual situaci\u00f3n econ\u00f3mica la industria del turismo sigue siendo uno los principales motores de desarrollo para el pa\u00eds. Y entre las actividades tur\u00edsticas MICE ha sido uno de los mejores destinos l\u00edderes. Por lo tanto y seg\u00fan ICCA, Espa\u00f1a ocupa el tercer lugar como el pa\u00eds con el mayor n\u00famero de eventos internacionales despu\u00e9s de Estados Unidos y Alemania y segundo en Europa. M\u00e1s a\u00fan 13 ciudades espa\u00f1olas figuran en el ranking mundial, Madrid y Barcelona dentro del TOP 5, 8 entre las ciudades europeas Top 100 y 3 entre los Top 100 ciudades del mundo.<\/span><\/p>\n<p style=\"text-align: justify;\"><span style=\"color: #000000;\">Su estrat\u00e9gica ubicaci\u00f3n y comunicaciones, atractivo clima, estilo de vida y hospitalidad, gastronom\u00eda, patrimonio hist\u00f3rico y las infraestructuras de turismo pueden explicar estos grandes resultados.<\/span><\/p>\n<p style=\"text-align: justify;\"><span style=\"color: #000000;\">Nuevos terminales en los aeropuetos internacionales, la mayor red ferroviaria de alta velocidad en Europa, los programas de incentivos espec\u00edficos en cada ciudad, todo ello combinado con la naturaleza, un gran patrimonio y rica gastronom\u00eda. Estas son las razones para incluir a Espa\u00f1a en su agenda para incentivos y reuniones.<\/span><\/p>\n<p>[\/et_pb_text][\/et_pb_column][\/et_pb_row][et_pb_row _builder_version=\u00bb4.9.2&#8243; _module_preset=\u00bbdefault\u00bb][et_pb_column type=\u00bb4_4&#8243; _builder_version=\u00bb4.9.2&#8243; _module_preset=\u00bbdefault\u00bb][\/et_pb_column][\/et_pb_row][et_pb_row _builder_version=\u00bb4.9.2&#8243; _module_preset=\u00bbdefault\u00bb][et_pb_column type=\u00bb4_4&#8243; _builder_version=\u00bb4.9.2&#8243; _module_preset=\u00bbdefault\u00bb][et_pb_text _builder_version=\u00bb4.9.2&#8243; _module_preset=\u00bbdefault\u00bb]<\/p>\n<h2 style=\"text-align: center;\"><span style=\"color: #993366;\"><strong>Algunos datos<\/strong><\/span><\/h2>\n<p>[\/et_pb_text][\/et_pb_column][\/et_pb_row][et_pb_row column_structure=\u00bb1_3,1_3,1_3&#8243; _builder_version=\u00bb4.9.2&#8243; _module_preset=\u00bbdefault\u00bb][et_pb_column type=\u00bb1_3&#8243; _builder_version=\u00bb4.9.2&#8243; _module_preset=\u00bbdefault\u00bb][et_pb_image src=\u00bbhttps:\/\/dynamic-partners.es\/wp-content\/uploads\/2021\/04\/patrimonio-espana.jpg\u00bb title_text=\u00bbpatrimonio espa\u00f1a\u00bb _builder_version=\u00bb4.9.2&#8243; _module_preset=\u00bbdefault\u00bb width=\u00bb84.7%\u00bb][\/et_pb_image][et_pb_text _builder_version=\u00bb4.9.2&#8243; _module_preset=\u00bbdefault\u00bb]<\/p>\n<p style=\"text-align: center;\"><strong>Patrimonio<\/strong><\/p>\n<p style=\"text-align: left;\">Espa\u00f1a es el segundo en el ranking mundial en n\u00famero de sitios inscritos en la lista de Patrimonio Mundial de la UNESCO con un total de 44 puntos de inter\u00e9s.<\/p>\n<p>[\/et_pb_text][\/et_pb_column][et_pb_column type=\u00bb1_3&#8243; _builder_version=\u00bb4.9.2&#8243; _module_preset=\u00bbdefault\u00bb][et_pb_image src=\u00bbhttps:\/\/dynamic-partners.es\/wp-content\/uploads\/2021\/04\/biosfera-dps.jpg\u00bb title_text=\u00bbbiosfera dps\u00bb _builder_version=\u00bb4.9.2&#8243; _module_preset=\u00bbdefault\u00bb width=\u00bb80.5%\u00bb][\/et_pb_image][et_pb_text _builder_version=\u00bb4.9.2&#8243; _module_preset=\u00bbdefault\u00bb]<\/p>\n<p style=\"text-align: center;\"><strong>Biosfera<\/strong><\/p>\n<p style=\"text-align: left;\">Espa\u00f1a es tercera en el n\u00famero de reservas de la Biosfera por la UNESCO.<\/p>\n<p>[\/et_pb_text][\/et_pb_column][et_pb_column type=\u00bb1_3&#8243; _builder_version=\u00bb4.9.2&#8243; _module_preset=\u00bbdefault\u00bb][et_pb_image src=\u00bbhttps:\/\/dynamic-partners.es\/wp-content\/uploads\/2021\/04\/playa-espana-dos.jpg\u00bb title_text=\u00bbplaya espa\u00f1a dos\u00bb _builder_version=\u00bb4.9.2&#8243; _module_preset=\u00bbdefault\u00bb width=\u00bb85.7%\u00bb][\/et_pb_image][et_pb_text _builder_version=\u00bb4.9.2&#8243; _module_preset=\u00bbdefault\u00bb]<\/p>\n<p style=\"text-align: center;\"><strong>Playas<\/strong><\/p>\n<p style=\"text-align: justify;\">Con un total de 686 Banderas Azules Espa\u00f1a lidera este cap\u00edtulo lo que quiere decir que 1 de cada 6 playas con bandera azul de todo el mundo est\u00e1 en nuestro pa\u00eds.<\/p>\n<p>[\/et_pb_text][\/et_pb_column][\/et_pb_row][et_pb_row column_structure=\u00bb1_3,1_3,1_3&#8243; _builder_version=\u00bb4.9.2&#8243; _module_preset=\u00bbdefault\u00bb][et_pb_column type=\u00bb1_3&#8243; _builder_version=\u00bb4.9.2&#8243; _module_preset=\u00bbdefault\u00bb][et_pb_image src=\u00bbhttps:\/\/dynamic-partners.es\/wp-content\/uploads\/2021\/04\/hotel-espana.jpg\u00bb title_text=\u00bbhotel espa\u00f1a\u00bb _builder_version=\u00bb4.9.2&#8243; _module_preset=\u00bbdefault\u00bb width=\u00bb92.7%\u00bb min_height=\u00bb145.9px\u00bb][\/et_pb_image][et_pb_text _builder_version=\u00bb4.9.2&#8243; _module_preset=\u00bbdefault\u00bb]<\/p>\n<p style=\"text-align: center;\"><strong>Hoteles<\/strong><\/p>\n<p style=\"text-align: left;\">Espa\u00f1a ocupa el tercer lugar a nivel mundial en habitaciones de hotel. Cinco empresas espa\u00f1olas pueden encontrarse entre los 30 mejores y m\u00e1s importantes grupos de hotel en el mundo.<\/p>\n<p>[\/et_pb_text][\/et_pb_column][et_pb_column type=\u00bb1_3&#8243; _builder_version=\u00bb4.9.2&#8243; _module_preset=\u00bbdefault\u00bb][et_pb_image src=\u00bbhttps:\/\/dynamic-partners.es\/wp-content\/uploads\/2021\/04\/barajas-2.jpg\u00bb title_text=\u00bbbarajas-2&#8243; _builder_version=\u00bb4.9.2&#8243; _module_preset=\u00bbdefault\u00bb width=\u00bb100%\u00bb custom_margin=\u00bb||19px|||\u00bb custom_padding=\u00bb|9px||||\u00bb][\/et_pb_image][et_pb_text _builder_version=\u00bb4.9.2&#8243; _module_preset=\u00bbdefault\u00bb custom_padding=\u00bb20px|||||\u00bb]<\/p>\n<p style=\"text-align: center;\"><strong>Aeropuertos<\/strong><\/p>\n<p style=\"text-align: left;\">M\u00e1s de 45 aeropuertos con conexiones nacionales e internacionales, un total de movimientos de 380.000 aeronaves en Madrid y 300.000 en Barcelona.<\/p>\n<p>[\/et_pb_text][\/et_pb_column][et_pb_column type=\u00bb1_3&#8243; _builder_version=\u00bb4.9.2&#8243; _module_preset=\u00bbdefault\u00bb][et_pb_blurb image=\u00bbhttps:\/\/dynamic-partners.es\/wp-content\/uploads\/2021\/07\/paaella-1.jpg\u00bb _builder_version=\u00bb4.9.7&#8243; _module_preset=\u00bbdefault\u00bb header_text_align=\u00bbcenter\u00bb width=\u00bb84.6%\u00bb custom_padding=\u00bb|23px||||\u00bb hover_enabled=\u00bb0&#8243; sticky_enabled=\u00bb0&#8243;]<\/p>\n<p style=\"text-align: center;\"><strong>Gastronomia<\/strong><\/p>\n<p style=\"text-align: left;\">En Espa\u00f1a se encuentran algunos de los mejores y m\u00e1s vanguardistas restaurantes del mundo, pero es un pa\u00eds con tradici\u00f3n culinaria en el coraz\u00f3n. La gastronom\u00eda de Espa\u00f1a es tan rica y variada como el propio pa\u00eds, con ingredientes de calidad, excelencia en la cocina y sabia cocina tradicional.<\/p>\n<p>[\/et_pb_blurb][\/et_pb_column][\/et_pb_row][et_pb_row _builder_version=\u00bb4.9.2&#8243; _module_preset=\u00bbdefault\u00bb][et_pb_column type=\u00bb4_4&#8243; _builder_version=\u00bb4.9.2&#8243; _module_preset=\u00bbdefault\u00bb][\/et_pb_column][\/et_pb_row][\/et_pb_section][et_pb_section fb_built=\u00bb1&#8243; fullwidth=\u00bbon\u00bb _builder_version=\u00bb4.9.2&#8243; _module_preset=\u00bbdefault\u00bb][et_pb_fullwidth_image src=\u00bbhttps:\/\/dynamic-partners.es\/wp-content\/uploads\/2021\/04\/Espa\u00f1a-dos.jpg\u00bb title_text=\u00bbEspa\u00f1a dos\u00bb _builder_version=\u00bb4.9.2&#8243; _module_preset=\u00bbdefault\u00bb][\/et_pb_fullwidth_image][\/et_pb_section]<\/p>\n","protected":false},"excerpt":{"rendered":"<p>Espa\u00f1a &#x2666;\u00a0 \u00a0D&amp;P da la opci\u00f3n de algunos destinos principales en Espa\u00f1a: \u00a0 \u00a0 \u00a0\u203a Madrid \u00a0 \u00a0 \u00a0 \u203a Barcelona \u00a0 \u00a0 \u00a0 \u203a M\u00e1laga \u00a0 \u00a0 \u00a0 \u203a Sevilla \u00a0 \u00a0 \u00a0 \u203a Bilbao \u00a0 \u00a0 \u00a0 \u203a Canarias y Baleares \u00a0 \u00a0 \u00a0 \u203a Valencia \u00a0 \u00a0 \u00a0Recomendamos estos lugares porque con [&hellip;]<\/p>\n","protected":false},"author":2,"featured_media":0,"parent":0,"menu_order":0,"comment_status":"closed","ping_status":"closed","template":"","meta":{"_et_pb_use_builder":"on","_et_pb_old_content":"","_et_gb_content_width":"","footnotes":""},"class_list":["post-455","page","type-page","status-publish","hentry"],"yoast_head":"<!-- This site is optimized with the Yoast SEO plugin v24.7 - https:\/\/yoast.com\/wordpress\/plugins\/seo\/ -->\n<title>Espa\u00f1a - DMC Spain \u2013 Destination Management Company in Spain<\/title>\n<meta name=\"robots\" content=\"index, follow, max-snippet:-1, max-image-preview:large, max-video-preview:-1\" \/>\n<link rel=\"canonical\" href=\"https:\/\/www.dynamic-partners.es\/?page_id=455\" \/>\n<meta property=\"og:locale\" content=\"es_ES\" \/>\n<meta property=\"og:type\" content=\"article\" \/>\n<meta property=\"og:title\" content=\"Espa\u00f1a - DMC Spain \u2013 Destination Management Company in Spain\" \/>\n<meta property=\"og:description\" content=\"Espa\u00f1a &#x2666;\u00a0 \u00a0D&amp;P da la opci\u00f3n de algunos destinos principales en Espa\u00f1a: \u00a0 \u00a0 \u00a0\u203a Madrid \u00a0 \u00a0 \u00a0 \u203a Barcelona \u00a0 \u00a0 \u00a0 \u203a M\u00e1laga \u00a0 \u00a0 \u00a0 \u203a Sevilla \u00a0 \u00a0 \u00a0 \u203a Bilbao \u00a0 \u00a0 \u00a0 \u203a Canarias y Baleares \u00a0 \u00a0 \u00a0 \u203a Valencia \u00a0 \u00a0 \u00a0Recomendamos estos lugares porque con [&hellip;]\" \/>\n<meta property=\"og:url\" content=\"https:\/\/www.dynamic-partners.es\/?page_id=455\" \/>\n<meta property=\"og:site_name\" content=\"DMC Spain \u2013 Destination Management Company in Spain\" \/>\n<meta property=\"article:publisher\" content=\"https:\/\/www.facebook.com\/dynamicpartners\/\" \/>\n<meta property=\"article:modified_time\" content=\"2021-08-11T09:04:45+00:00\" \/>\n<meta name=\"twitter:card\" content=\"summary_large_image\" \/>\n<meta name=\"twitter:site\" content=\"@dynamicpartner\" \/>\n<meta name=\"twitter:label1\" content=\"Tiempo de lectura\" \/>\n\t<meta name=\"twitter:data1\" content=\"6 minutos\" \/>\n<script type=\"application\/ld+json\" class=\"yoast-schema-graph\">{\"@context\":\"https:\/\/schema.org\",\"@graph\":[{\"@type\":\"WebPage\",\"@id\":\"https:\/\/www.dynamic-partners.es\/?page_id=455\",\"url\":\"https:\/\/www.dynamic-partners.es\/?page_id=455\",\"name\":\"Espa\u00f1a - DMC Spain \u2013 Destination Management Company in Spain\",\"isPartOf\":{\"@id\":\"https:\/\/www.dynamic-partners.es\/#website\"},\"datePublished\":\"2021-04-26T09:18:28+00:00\",\"dateModified\":\"2021-08-11T09:04:45+00:00\",\"breadcrumb\":{\"@id\":\"https:\/\/www.dynamic-partners.es\/?page_id=455#breadcrumb\"},\"inLanguage\":\"es\",\"potentialAction\":[{\"@type\":\"ReadAction\",\"target\":[\"https:\/\/www.dynamic-partners.es\/?page_id=455\"]}]},{\"@type\":\"BreadcrumbList\",\"@id\":\"https:\/\/www.dynamic-partners.es\/?page_id=455#breadcrumb\",\"itemListElement\":[{\"@type\":\"ListItem\",\"position\":1,\"name\":\"Portada\",\"item\":\"https:\/\/www.dynamic-partners.es\/\"},{\"@type\":\"ListItem\",\"position\":2,\"name\":\"Espa\u00f1a\"}]},{\"@type\":\"WebSite\",\"@id\":\"https:\/\/www.dynamic-partners.es\/#website\",\"url\":\"https:\/\/www.dynamic-partners.es\/\",\"name\":\"DMC Spain \u2013 Destination Management Company in Spain\",\"description\":\"Dynamic &amp; Partners DMC\",\"publisher\":{\"@id\":\"https:\/\/www.dynamic-partners.es\/#organization\"},\"potentialAction\":[{\"@type\":\"SearchAction\",\"target\":{\"@type\":\"EntryPoint\",\"urlTemplate\":\"https:\/\/www.dynamic-partners.es\/?s={search_term_string}\"},\"query-input\":{\"@type\":\"PropertyValueSpecification\",\"valueRequired\":true,\"valueName\":\"search_term_string\"}}],\"inLanguage\":\"es\"},{\"@type\":\"Organization\",\"@id\":\"https:\/\/www.dynamic-partners.es\/#organization\",\"name\":\"DYNAMIC & PARTNERS - Incentives & Conventions SPAIN & PORTUGAL\",\"url\":\"https:\/\/www.dynamic-partners.es\/\",\"logo\":{\"@type\":\"ImageObject\",\"inLanguage\":\"es\",\"@id\":\"https:\/\/www.dynamic-partners.es\/#\/schema\/logo\/image\/\",\"url\":\"https:\/\/www.dynamic-partners.es\/wp-content\/uploads\/2021\/03\/logo_dp_backgoung_white.png\",\"contentUrl\":\"https:\/\/www.dynamic-partners.es\/wp-content\/uploads\/2021\/03\/logo_dp_backgoung_white.png\",\"width\":248,\"height\":80,\"caption\":\"DYNAMIC & PARTNERS - Incentives & Conventions SPAIN & PORTUGAL\"},\"image\":{\"@id\":\"https:\/\/www.dynamic-partners.es\/#\/schema\/logo\/image\/\"},\"sameAs\":[\"https:\/\/www.facebook.com\/dynamicpartners\/\",\"https:\/\/x.com\/dynamicpartner\",\"https:\/\/www.instagram.com\/dynamicpartners\/\"]}]}<\/script>\n<!-- \/ Yoast SEO plugin. -->","yoast_head_json":{"title":"Espa\u00f1a - DMC Spain \u2013 Destination Management Company in Spain","robots":{"index":"index","follow":"follow","max-snippet":"max-snippet:-1","max-image-preview":"max-image-preview:large","max-video-preview":"max-video-preview:-1"},"canonical":"https:\/\/www.dynamic-partners.es\/?page_id=455","og_locale":"es_ES","og_type":"article","og_title":"Espa\u00f1a - DMC Spain \u2013 Destination Management Company in Spain","og_description":"Espa\u00f1a &#x2666;\u00a0 \u00a0D&amp;P da la opci\u00f3n de algunos destinos principales en Espa\u00f1a: \u00a0 \u00a0 \u00a0\u203a Madrid \u00a0 \u00a0 \u00a0 \u203a Barcelona \u00a0 \u00a0 \u00a0 \u203a M\u00e1laga \u00a0 \u00a0 \u00a0 \u203a Sevilla \u00a0 \u00a0 \u00a0 \u203a Bilbao \u00a0 \u00a0 \u00a0 \u203a Canarias y Baleares \u00a0 \u00a0 \u00a0 \u203a Valencia \u00a0 \u00a0 \u00a0Recomendamos estos lugares porque con [&hellip;]","og_url":"https:\/\/www.dynamic-partners.es\/?page_id=455","og_site_name":"DMC Spain \u2013 Destination Management Company in Spain","article_publisher":"https:\/\/www.facebook.com\/dynamicpartners\/","article_modified_time":"2021-08-11T09:04:45+00:00","twitter_card":"summary_large_image","twitter_site":"@dynamicpartner","twitter_misc":{"Tiempo de lectura":"6 minutos"},"schema":{"@context":"https:\/\/schema.org","@graph":[{"@type":"WebPage","@id":"https:\/\/www.dynamic-partners.es\/?page_id=455","url":"https:\/\/www.dynamic-partners.es\/?page_id=455","name":"Espa\u00f1a - DMC Spain \u2013 Destination Management Company in Spain","isPartOf":{"@id":"https:\/\/www.dynamic-partners.es\/#website"},"datePublished":"2021-04-26T09:18:28+00:00","dateModified":"2021-08-11T09:04:45+00:00","breadcrumb":{"@id":"https:\/\/www.dynamic-partners.es\/?page_id=455#breadcrumb"},"inLanguage":"es","potentialAction":[{"@type":"ReadAction","target":["https:\/\/www.dynamic-partners.es\/?page_id=455"]}]},{"@type":"BreadcrumbList","@id":"https:\/\/www.dynamic-partners.es\/?page_id=455#breadcrumb","itemListElement":[{"@type":"ListItem","position":1,"name":"Portada","item":"https:\/\/www.dynamic-partners.es\/"},{"@type":"ListItem","position":2,"name":"Espa\u00f1a"}]},{"@type":"WebSite","@id":"https:\/\/www.dynamic-partners.es\/#website","url":"https:\/\/www.dynamic-partners.es\/","name":"DMC Spain \u2013 Destination Management Company in Spain","description":"Dynamic &amp; Partners DMC","publisher":{"@id":"https:\/\/www.dynamic-partners.es\/#organization"},"potentialAction":[{"@type":"SearchAction","target":{"@type":"EntryPoint","urlTemplate":"https:\/\/www.dynamic-partners.es\/?s={search_term_string}"},"query-input":{"@type":"PropertyValueSpecification","valueRequired":true,"valueName":"search_term_string"}}],"inLanguage":"es"},{"@type":"Organization","@id":"https:\/\/www.dynamic-partners.es\/#organization","name":"DYNAMIC & PARTNERS - Incentives & Conventions SPAIN & PORTUGAL","url":"https:\/\/www.dynamic-partners.es\/","logo":{"@type":"ImageObject","inLanguage":"es","@id":"https:\/\/www.dynamic-partners.es\/#\/schema\/logo\/image\/","url":"https:\/\/www.dynamic-partners.es\/wp-content\/uploads\/2021\/03\/logo_dp_backgoung_white.png","contentUrl":"https:\/\/www.dynamic-partners.es\/wp-content\/uploads\/2021\/03\/logo_dp_backgoung_white.png","width":248,"height":80,"caption":"DYNAMIC & PARTNERS - Incentives & Conventions SPAIN & PORTUGAL"},"image":{"@id":"https:\/\/www.dynamic-partners.es\/#\/schema\/logo\/image\/"},"sameAs":["https:\/\/www.facebook.com\/dynamicpartners\/","https:\/\/x.com\/dynamicpartner","https:\/\/www.instagram.com\/dynamicpartners\/"]}]}},"_links":{"self":[{"href":"https:\/\/www.dynamic-partners.es\/index.php?rest_route=\/wp\/v2\/pages\/455","targetHints":{"allow":["GET"]}}],"collection":[{"href":"https:\/\/www.dynamic-partners.es\/index.php?rest_route=\/wp\/v2\/pages"}],"about":[{"href":"https:\/\/www.dynamic-partners.es\/index.php?rest_route=\/wp\/v2\/types\/page"}],"author":[{"embeddable":true,"href":"https:\/\/www.dynamic-partners.es\/index.php?rest_route=\/wp\/v2\/users\/2"}],"replies":[{"embeddable":true,"href":"https:\/\/www.dynamic-partners.es\/index.php?rest_route=%2Fwp%2Fv2%2Fcomments&post=455"}],"version-history":[{"count":17,"href":"https:\/\/www.dynamic-partners.es\/index.php?rest_route=\/wp\/v2\/pages\/455\/revisions"}],"predecessor-version":[{"id":2055,"href":"https:\/\/www.dynamic-partners.es\/index.php?rest_route=\/wp\/v2\/pages\/455\/revisions\/2055"}],"wp:attachment":[{"href":"https:\/\/www.dynamic-partners.es\/index.php?rest_route=%2Fwp%2Fv2%2Fmedia&parent=455"}],"curies":[{"name":"wp","href":"https:\/\/api.w.org\/{rel}","templated":true}]}}