{"id":423,"date":"2021-04-23T11:17:46","date_gmt":"2021-04-23T11:17:46","guid":{"rendered":"https:\/\/dynamic-partner.es\/?page_id=423"},"modified":"2021-07-13T09:58:09","modified_gmt":"2021-07-13T09:58:09","slug":"portugal","status":"publish","type":"page","link":"https:\/\/www.dynamic-partners.es\/?page_id=423","title":{"rendered":"Portugal"},"content":{"rendered":"\n[et_pb_section fb_built=\u00bb1&#8243; fullwidth=\u00bbon\u00bb _builder_version=\u00bb4.9.2&#8243; _module_preset=\u00bbdefault\u00bb][et_pb_fullwidth_image src=\u00bbhttps:\/\/dynamic-partners.es\/wp-content\/uploads\/2021\/04\/portugal-unoo.jpg\u00bb title_text=\u00bbportugal unoo\u00bb _builder_version=\u00bb4.9.2&#8243; _module_preset=\u00bbdefault\u00bb][\/et_pb_fullwidth_image][\/et_pb_section][et_pb_section fb_built=\u00bb1&#8243; _builder_version=\u00bb4.9.2&#8243; _module_preset=\u00bbdefault\u00bb][et_pb_row _builder_version=\u00bb4.9.2&#8243; _module_preset=\u00bbdefault\u00bb][et_pb_column type=\u00bb4_4&#8243; _builder_version=\u00bb4.9.2&#8243; _module_preset=\u00bbdefault\u00bb][et_pb_text _builder_version=\u00bb4.9.2&#8243; _module_preset=\u00bbdefault\u00bb]<h1 style=\"text-align: center;\"><span style=\"color: #993366;\"><strong>Portugal<\/strong><\/span><\/h1>[\/et_pb_text][\/et_pb_column][\/et_pb_row][et_pb_row _builder_version=\u00bb4.9.2&#8243; _module_preset=\u00bbdefault\u00bb][et_pb_column type=\u00bb4_4&#8243; _builder_version=\u00bb4.9.2&#8243; _module_preset=\u00bbdefault\u00bb][et_pb_text _builder_version=\u00bb4.9.2&#8243; _module_preset=\u00bbdefault\u00bb hover_enabled=\u00bb0&#8243; sticky_enabled=\u00bb0&#8243;]<p style=\"text-align: justify;\"><strong>&#x2666;\u00a0 \u00a0<\/strong>D&amp;P est\u00e1 empe\u00f1ada en mejorar cada d\u00eda para ofrecer soluciones siempre con el respeto de la historia y la tradici\u00f3n de cada destino. Nuestras principales ubicaciones en Portugal son:<\/p>\n<p style=\"text-align: justify; padding-left: 40px;\"><strong>\u203a\u00a0 \u00a0Lisboa.<\/strong><\/p>\n<p style=\"text-align: justify; padding-left: 40px;\"><strong>\u203a\u00a0 \u00a0Oporto.<\/strong><strong><\/strong><\/p>\n<p style=\"text-align: justify; padding-left: 40px;\"><strong>\u203a\u00a0 \u00a0Algarve.<\/strong><\/p>\n<p style=\"text-align: justify;\"><strong><\/strong><\/p>\n<p style=\"text-align: justify;\"><strong>&#x2666;\u00a0 \u00a0<\/strong>D&amp;P crea programas tem\u00e1ticos y dise\u00f1a propuestas rentables para las necesidades de cada uno de sus eventos seg\u00fan el \u00e1rea elegida dentro de Portugal y el lugar que decida usar.<\/p>[\/et_pb_text][\/et_pb_column][\/et_pb_row][et_pb_row _builder_version=\u00bb4.9.2&#8243; _module_preset=\u00bbdefault\u00bb][et_pb_column type=\u00bb4_4&#8243; _builder_version=\u00bb4.9.2&#8243; _module_preset=\u00bbdefault\u00bb][et_pb_code _builder_version=\u00bb4.9.2&#8243; _module_preset=\u00bbdefault\u00bb][\/et_pb_code][\/et_pb_column][\/et_pb_row][et_pb_row _builder_version=\u00bb4.9.2&#8243; _module_preset=\u00bbdefault\u00bb][et_pb_column type=\u00bb4_4&#8243; _builder_version=\u00bb4.9.2&#8243; _module_preset=\u00bbdefault\u00bb][et_pb_video src=\u00bbhttps:\/\/www.youtube.com\/watch?v=sBZkR9TFFqk\u00bb _builder_version=\u00bb4.9.2&#8243; _module_preset=\u00bbdefault\u00bb][\/et_pb_video][\/et_pb_column][\/et_pb_row][et_pb_row _builder_version=\u00bb4.9.2&#8243; _module_preset=\u00bbdefault\u00bb][et_pb_column type=\u00bb4_4&#8243; _builder_version=\u00bb4.9.2&#8243; _module_preset=\u00bbdefault\u00bb][et_pb_code _builder_version=\u00bb4.9.2&#8243; _module_preset=\u00bbdefault\u00bb][\/et_pb_code][\/et_pb_column][\/et_pb_row][et_pb_row _builder_version=\u00bb4.9.2&#8243; _module_preset=\u00bbdefault\u00bb][et_pb_column type=\u00bb4_4&#8243; _builder_version=\u00bb4.9.2&#8243; _module_preset=\u00bbdefault\u00bb][et_pb_text _builder_version=\u00bb4.9.2&#8243; _module_preset=\u00bbdefault\u00bb]<h1 style=\"text-align: center;\"><span style=\"color: #993366;\"><strong>\u00bf Por qu\u00e9 Portugal?<\/strong><\/span><\/h1>[\/et_pb_text][\/et_pb_column][\/et_pb_row][et_pb_row _builder_version=\u00bb4.9.2&#8243; _module_preset=\u00bbdefault\u00bb width=\u00bb95%\u00bb][et_pb_column type=\u00bb4_4&#8243; _builder_version=\u00bb4.9.2&#8243; _module_preset=\u00bbdefault\u00bb][et_pb_text _builder_version=\u00bb4.9.2&#8243; _module_preset=\u00bbdefault\u00bb text_orientation=\u00bbjustified\u00bb]<p style=\"text-align: justify;\"><span style=\"color: #808080;\">Con su clima templado, 3000 horas de sol al a\u00f1o y 850 kms de espl\u00e9ndidas playas ba\u00f1adas por el oc\u00e9ano Atl\u00e1ntico, Portugal es el destino perfecto durante todo el a\u00f1o.<\/span><\/p>\n<p><span style=\"color: #808080;\">Este es un pa\u00eds que tiene las fronteras m\u00e1s antiguas de Europa, con una excepcional gama de diferentes paisajes a corta distancia, un mont\u00f3n de actividades de ocio y un patrimonio cultural \u00fanico, donde la tradici\u00f3n y la modernidad se funden en perfecta armon\u00eda. Su exquisita gastronom\u00eda, excelentes vinos y gente hospitalaria lo convierten en un para\u00edso tur\u00edstico de alta calidad.<\/span><\/p>\n<p><span style=\"color: #808080;\">Situado en el extremo suroeste de Europa, tan s\u00f3lo unas horas de cualquier capital europea, Portugal atrae a visitantes de todo el mundo. Portugal tiene un excelente ubicaci\u00f3n geogr\u00e1fica. En el punto de encuentro entre tres continentes &#8211; Europa, \u00c1frica y Am\u00e9rica-, siempre ha sido fundamental para las rutas internacionales m\u00e1s importantes. Aqu\u00ed puedes encontrar aeropuertos internacionales en todo el pa\u00eds, Lisboa, Faro y Oporto, tienen conexiones regulares a las principales ciuddes del mundo.<\/span><\/p>\n<p><span style=\"color: #808080;\">\u00bfSab\u00eda que Lisboa est\u00e1 a dos horas de Par\u00eds y Londres en avi\u00f3n? Si desea descubrir las bellezas de Portugal, el pa\u00eds tiene un red de carreteras modernas esperando ser explorado: s\u00f3lo tarda dos horas en llegar desde Lisboa a Porto o Faro, a las principales ciudades en el norte y sur del pa\u00eds. Madrid est\u00e1 a s\u00f3lo seis horas.<\/span><\/p>[\/et_pb_text][\/et_pb_column][\/et_pb_row][et_pb_row _builder_version=\u00bb4.9.2&#8243; _module_preset=\u00bbdefault\u00bb][et_pb_column type=\u00bb4_4&#8243; _builder_version=\u00bb4.9.2&#8243; _module_preset=\u00bbdefault\u00bb][et_pb_code _builder_version=\u00bb4.9.2&#8243; _module_preset=\u00bbdefault\u00bb][\/et_pb_code][\/et_pb_column][\/et_pb_row][\/et_pb_section][et_pb_section fb_built=\u00bb1&#8243; fullwidth=\u00bbon\u00bb _builder_version=\u00bb4.9.2&#8243; _module_preset=\u00bbdefault\u00bb][et_pb_fullwidth_image src=\u00bbhttps:\/\/dynamic-partners.es\/wp-content\/uploads\/2021\/04\/portugal-doos.jpg\u00bb title_text=\u00bbportugal doos\u00bb _builder_version=\u00bb4.9.2&#8243; _module_preset=\u00bbdefault\u00bb custom_margin=\u00bb-247px|||||\u00bb][\/et_pb_fullwidth_image][\/et_pb_section]\n","protected":false},"excerpt":{"rendered":"<p>Portugal &#x2666;\u00a0 \u00a0D&amp;P est\u00e1 empe\u00f1ada en mejorar cada d\u00eda para ofrecer soluciones siempre con el respeto de la historia y la tradici\u00f3n de cada destino. Nuestras principales ubicaciones en Portugal son: \u203a\u00a0 \u00a0Lisboa. \u203a\u00a0 \u00a0Oporto. \u203a\u00a0 \u00a0Algarve. &#x2666;\u00a0 \u00a0D&amp;P crea programas tem\u00e1ticos y dise\u00f1a propuestas rentables para las necesidades de cada uno de sus eventos [&hellip;]<\/p>\n","protected":false},"author":2,"featured_media":0,"parent":0,"menu_order":0,"comment_status":"closed","ping_status":"closed","template":"","meta":{"_et_pb_use_builder":"on","_et_pb_old_content":"","_et_gb_content_width":"","footnotes":""},"class_list":["post-423","page","type-page","status-publish","hentry"],"yoast_head":"<!-- This site is optimized with the Yoast SEO plugin v24.7 - https:\/\/yoast.com\/wordpress\/plugins\/seo\/ -->\n<title>Portugal - DMC Spain \u2013 Destination Management Company in Spain<\/title>\n<meta name=\"robots\" content=\"index, follow, max-snippet:-1, max-image-preview:large, max-video-preview:-1\" \/>\n<link rel=\"canonical\" href=\"https:\/\/www.dynamic-partners.es\/?page_id=423\" \/>\n<meta property=\"og:locale\" content=\"es_ES\" \/>\n<meta property=\"og:type\" content=\"article\" \/>\n<meta property=\"og:title\" content=\"Portugal - DMC Spain \u2013 Destination Management Company in Spain\" \/>\n<meta property=\"og:description\" content=\"Portugal &#x2666;\u00a0 \u00a0D&amp;P est\u00e1 empe\u00f1ada en mejorar cada d\u00eda para ofrecer soluciones siempre con el respeto de la historia y la tradici\u00f3n de cada destino. Nuestras principales ubicaciones en Portugal son: \u203a\u00a0 \u00a0Lisboa. \u203a\u00a0 \u00a0Oporto. \u203a\u00a0 \u00a0Algarve. &#x2666;\u00a0 \u00a0D&amp;P crea programas tem\u00e1ticos y dise\u00f1a propuestas rentables para las necesidades de cada uno de sus eventos [&hellip;]\" \/>\n<meta property=\"og:url\" content=\"https:\/\/www.dynamic-partners.es\/?page_id=423\" \/>\n<meta property=\"og:site_name\" content=\"DMC Spain \u2013 Destination Management Company in Spain\" \/>\n<meta property=\"article:publisher\" content=\"https:\/\/www.facebook.com\/dynamicpartners\/\" \/>\n<meta property=\"article:modified_time\" content=\"2021-07-13T09:58:09+00:00\" \/>\n<meta name=\"twitter:card\" content=\"summary_large_image\" \/>\n<meta name=\"twitter:site\" content=\"@dynamicpartner\" \/>\n<meta name=\"twitter:label1\" content=\"Tiempo de lectura\" \/>\n\t<meta name=\"twitter:data1\" content=\"4 minutos\" \/>\n<script type=\"application\/ld+json\" class=\"yoast-schema-graph\">{\"@context\":\"https:\/\/schema.org\",\"@graph\":[{\"@type\":\"WebPage\",\"@id\":\"https:\/\/www.dynamic-partners.es\/?page_id=423\",\"url\":\"https:\/\/www.dynamic-partners.es\/?page_id=423\",\"name\":\"Portugal - DMC Spain \u2013 Destination Management Company in Spain\",\"isPartOf\":{\"@id\":\"https:\/\/www.dynamic-partners.es\/#website\"},\"datePublished\":\"2021-04-23T11:17:46+00:00\",\"dateModified\":\"2021-07-13T09:58:09+00:00\",\"breadcrumb\":{\"@id\":\"https:\/\/www.dynamic-partners.es\/?page_id=423#breadcrumb\"},\"inLanguage\":\"es\",\"potentialAction\":[{\"@type\":\"ReadAction\",\"target\":[\"https:\/\/www.dynamic-partners.es\/?page_id=423\"]}]},{\"@type\":\"BreadcrumbList\",\"@id\":\"https:\/\/www.dynamic-partners.es\/?page_id=423#breadcrumb\",\"itemListElement\":[{\"@type\":\"ListItem\",\"position\":1,\"name\":\"Portada\",\"item\":\"https:\/\/www.dynamic-partners.es\/\"},{\"@type\":\"ListItem\",\"position\":2,\"name\":\"Portugal\"}]},{\"@type\":\"WebSite\",\"@id\":\"https:\/\/www.dynamic-partners.es\/#website\",\"url\":\"https:\/\/www.dynamic-partners.es\/\",\"name\":\"DMC Spain \u2013 Destination Management Company in Spain\",\"description\":\"Dynamic &amp; Partners DMC\",\"publisher\":{\"@id\":\"https:\/\/www.dynamic-partners.es\/#organization\"},\"potentialAction\":[{\"@type\":\"SearchAction\",\"target\":{\"@type\":\"EntryPoint\",\"urlTemplate\":\"https:\/\/www.dynamic-partners.es\/?s={search_term_string}\"},\"query-input\":{\"@type\":\"PropertyValueSpecification\",\"valueRequired\":true,\"valueName\":\"search_term_string\"}}],\"inLanguage\":\"es\"},{\"@type\":\"Organization\",\"@id\":\"https:\/\/www.dynamic-partners.es\/#organization\",\"name\":\"DYNAMIC & PARTNERS - Incentives & Conventions SPAIN & PORTUGAL\",\"url\":\"https:\/\/www.dynamic-partners.es\/\",\"logo\":{\"@type\":\"ImageObject\",\"inLanguage\":\"es\",\"@id\":\"https:\/\/www.dynamic-partners.es\/#\/schema\/logo\/image\/\",\"url\":\"https:\/\/www.dynamic-partners.es\/wp-content\/uploads\/2021\/03\/logo_dp_backgoung_white.png\",\"contentUrl\":\"https:\/\/www.dynamic-partners.es\/wp-content\/uploads\/2021\/03\/logo_dp_backgoung_white.png\",\"width\":248,\"height\":80,\"caption\":\"DYNAMIC & PARTNERS - Incentives & Conventions SPAIN & PORTUGAL\"},\"image\":{\"@id\":\"https:\/\/www.dynamic-partners.es\/#\/schema\/logo\/image\/\"},\"sameAs\":[\"https:\/\/www.facebook.com\/dynamicpartners\/\",\"https:\/\/x.com\/dynamicpartner\",\"https:\/\/www.instagram.com\/dynamicpartners\/\"]}]}<\/script>\n<!-- \/ Yoast SEO plugin. -->","yoast_head_json":{"title":"Portugal - DMC Spain \u2013 Destination Management Company in Spain","robots":{"index":"index","follow":"follow","max-snippet":"max-snippet:-1","max-image-preview":"max-image-preview:large","max-video-preview":"max-video-preview:-1"},"canonical":"https:\/\/www.dynamic-partners.es\/?page_id=423","og_locale":"es_ES","og_type":"article","og_title":"Portugal - DMC Spain \u2013 Destination Management Company in Spain","og_description":"Portugal &#x2666;\u00a0 \u00a0D&amp;P est\u00e1 empe\u00f1ada en mejorar cada d\u00eda para ofrecer soluciones siempre con el respeto de la historia y la tradici\u00f3n de cada destino. Nuestras principales ubicaciones en Portugal son: \u203a\u00a0 \u00a0Lisboa. \u203a\u00a0 \u00a0Oporto. \u203a\u00a0 \u00a0Algarve. &#x2666;\u00a0 \u00a0D&amp;P crea programas tem\u00e1ticos y dise\u00f1a propuestas rentables para las necesidades de cada uno de sus eventos [&hellip;]","og_url":"https:\/\/www.dynamic-partners.es\/?page_id=423","og_site_name":"DMC Spain \u2013 Destination Management Company in Spain","article_publisher":"https:\/\/www.facebook.com\/dynamicpartners\/","article_modified_time":"2021-07-13T09:58:09+00:00","twitter_card":"summary_large_image","twitter_site":"@dynamicpartner","twitter_misc":{"Tiempo de lectura":"4 minutos"},"schema":{"@context":"https:\/\/schema.org","@graph":[{"@type":"WebPage","@id":"https:\/\/www.dynamic-partners.es\/?page_id=423","url":"https:\/\/www.dynamic-partners.es\/?page_id=423","name":"Portugal - DMC Spain \u2013 Destination Management Company in Spain","isPartOf":{"@id":"https:\/\/www.dynamic-partners.es\/#website"},"datePublished":"2021-04-23T11:17:46+00:00","dateModified":"2021-07-13T09:58:09+00:00","breadcrumb":{"@id":"https:\/\/www.dynamic-partners.es\/?page_id=423#breadcrumb"},"inLanguage":"es","potentialAction":[{"@type":"ReadAction","target":["https:\/\/www.dynamic-partners.es\/?page_id=423"]}]},{"@type":"BreadcrumbList","@id":"https:\/\/www.dynamic-partners.es\/?page_id=423#breadcrumb","itemListElement":[{"@type":"ListItem","position":1,"name":"Portada","item":"https:\/\/www.dynamic-partners.es\/"},{"@type":"ListItem","position":2,"name":"Portugal"}]},{"@type":"WebSite","@id":"https:\/\/www.dynamic-partners.es\/#website","url":"https:\/\/www.dynamic-partners.es\/","name":"DMC Spain \u2013 Destination Management Company in Spain","description":"Dynamic &amp; Partners DMC","publisher":{"@id":"https:\/\/www.dynamic-partners.es\/#organization"},"potentialAction":[{"@type":"SearchAction","target":{"@type":"EntryPoint","urlTemplate":"https:\/\/www.dynamic-partners.es\/?s={search_term_string}"},"query-input":{"@type":"PropertyValueSpecification","valueRequired":true,"valueName":"search_term_string"}}],"inLanguage":"es"},{"@type":"Organization","@id":"https:\/\/www.dynamic-partners.es\/#organization","name":"DYNAMIC & PARTNERS - Incentives & Conventions SPAIN & PORTUGAL","url":"https:\/\/www.dynamic-partners.es\/","logo":{"@type":"ImageObject","inLanguage":"es","@id":"https:\/\/www.dynamic-partners.es\/#\/schema\/logo\/image\/","url":"https:\/\/www.dynamic-partners.es\/wp-content\/uploads\/2021\/03\/logo_dp_backgoung_white.png","contentUrl":"https:\/\/www.dynamic-partners.es\/wp-content\/uploads\/2021\/03\/logo_dp_backgoung_white.png","width":248,"height":80,"caption":"DYNAMIC & PARTNERS - Incentives & Conventions SPAIN & PORTUGAL"},"image":{"@id":"https:\/\/www.dynamic-partners.es\/#\/schema\/logo\/image\/"},"sameAs":["https:\/\/www.facebook.com\/dynamicpartners\/","https:\/\/x.com\/dynamicpartner","https:\/\/www.instagram.com\/dynamicpartners\/"]}]}},"_links":{"self":[{"href":"https:\/\/www.dynamic-partners.es\/index.php?rest_route=\/wp\/v2\/pages\/423","targetHints":{"allow":["GET"]}}],"collection":[{"href":"https:\/\/www.dynamic-partners.es\/index.php?rest_route=\/wp\/v2\/pages"}],"about":[{"href":"https:\/\/www.dynamic-partners.es\/index.php?rest_route=\/wp\/v2\/types\/page"}],"author":[{"embeddable":true,"href":"https:\/\/www.dynamic-partners.es\/index.php?rest_route=\/wp\/v2\/users\/2"}],"replies":[{"embeddable":true,"href":"https:\/\/www.dynamic-partners.es\/index.php?rest_route=%2Fwp%2Fv2%2Fcomments&post=423"}],"version-history":[{"count":12,"href":"https:\/\/www.dynamic-partners.es\/index.php?rest_route=\/wp\/v2\/pages\/423\/revisions"}],"predecessor-version":[{"id":1771,"href":"https:\/\/www.dynamic-partners.es\/index.php?rest_route=\/wp\/v2\/pages\/423\/revisions\/1771"}],"wp:attachment":[{"href":"https:\/\/www.dynamic-partners.es\/index.php?rest_route=%2Fwp%2Fv2%2Fmedia&parent=423"}],"curies":[{"name":"wp","href":"https:\/\/api.w.org\/{rel}","templated":true}]}}