{"id":1951,"date":"2021-08-01T22:00:50","date_gmt":"2021-08-01T22:00:50","guid":{"rendered":"https:\/\/dynamic-partner.es\/?page_id=1951"},"modified":"2021-08-23T21:14:47","modified_gmt":"2021-08-23T21:14:47","slug":"politica-de-privacidad","status":"publish","type":"page","link":"https:\/\/www.dynamic-partners.es\/?page_id=1951","title":{"rendered":"Pol\u00edtica de Privacidad"},"content":{"rendered":"<p>[et_pb_section fb_built=\u00bb1&#8243; fullwidth=\u00bbon\u00bb _builder_version=\u00bb4.9.10&#8243; _module_preset=\u00bbdefault\u00bb min_height=\u00bb200px\u00bb height=\u00bb200px\u00bb max_height=\u00bb201px\u00bb][et_pb_fullwidth_image src=\u00bbhttps:\/\/dynamic-partners.es\/wp-content\/uploads\/2021\/08\/bnn_lopd.jpg\u00bb title_text=\u00bbbnn_lopd\u00bb _builder_version=\u00bb4.9.10&#8243; _module_preset=\u00bbdefault\u00bb min_height=\u00bb418.5px\u00bb custom_padding=\u00bb||0px|||\u00bb][\/et_pb_fullwidth_image][\/et_pb_section][et_pb_section fb_built=\u00bb1&#8243; _builder_version=\u00bb4.9.2&#8243; _module_preset=\u00bbdefault\u00bb custom_margin=\u00bb105px|||||\u00bb][et_pb_row _builder_version=\u00bb4.9.2&#8243; _module_preset=\u00bbdefault\u00bb min_height=\u00bb43px\u00bb custom_margin=\u00bb-88px|auto||auto||\u00bb custom_padding=\u00bb||15px|||\u00bb][et_pb_column type=\u00bb4_4&#8243; _builder_version=\u00bb4.9.2&#8243; _module_preset=\u00bbdefault\u00bb][et_pb_text _builder_version=\u00bb4.9.10&#8243; _module_preset=\u00bbdefault\u00bb]<\/p>\n<h1 style=\"text-align: center;\"><span style=\"color: #993366;\">Pol\u00edtica de Privacidad<\/span><\/h1>\n<p>[\/et_pb_text][\/et_pb_column][\/et_pb_row][et_pb_row _builder_version=\u00bb4.9.10&#8243; _module_preset=\u00bbdefault\u00bb width=\u00bb90.2%\u00bb custom_margin=\u00bb|||50px|false|false\u00bb hover_enabled=\u00bb0&#8243; sticky_enabled=\u00bb0&#8243;][et_pb_column type=\u00bb4_4&#8243; _builder_version=\u00bb4.9.2&#8243; _module_preset=\u00bbdefault\u00bb][et_pb_text _builder_version=\u00bb4.9.2&#8243; _module_preset=\u00bbdefault\u00bb width=\u00bb100%\u00bb custom_margin=\u00bb|-338px||||\u00bb custom_padding=\u00bb|7px||||\u00bb]<\/p>\n<p>En cumplimiento de la Ley 34\/2002 de 11 de Julio, de Servicios de la Sociedad de la Informaci\u00f3n y Comercio Electr\u00f3nico,\u00a0y en cumplimiento del Reglamento (UE) 2016\/679, del Parlamento Europeo y del Consejo, de 27 de abril de 2016 (en adelante RGPD), Dynamic &amp; Partners S.L. pone de manifiesto la presente Pol\u00edtica respecto al tratamiento y protecci\u00f3n de datos personales.<\/p>\n<p>Le informamos del titular de www.dynamic-partners.es:<\/p>\n<p>Direcci\u00f3n: Av. Ciudad de Barcelona 132, 2\u00ba izda. 28007 Madrid \u2014 Spain<br \/><strong>CIF: B81638082<br \/><\/strong>Contacto: d&amp;p@dynamic-partners.es<\/p>\n<p><strong>\u00a0<\/strong><\/p>\n<p>&nbsp;<\/p>\n<p><strong>Exclusi\u00f3n de responsabilidad y garant\u00edas<\/strong><\/p>\n<p><strong>1.<\/strong><span>\u00a0<\/span>Dynamic &amp; Partners S.L. propietario de este sitio web, no garantiza el acceso continuado, ni la correcta visualizaci\u00f3n, descarga o utilidad de los elementos e informaci\u00f3n contenidos en el sitio web www.dynamic-partners.es, que pueden verse impedidos, dificultados o interrumpidos por factores o circunstancias fuera de su control.<\/p>\n<p><strong>2.<\/strong><span>\u00a0<\/span>Dynamic &amp; Partners S.L. no es responsable de la informaci\u00f3n y dem\u00e1s contenidos integrados en espacios o p\u00e1ginas web de terceros accesibles desde el sitio web de Dynamic &amp; Partners S.A: mediante enlaces, hiperv\u00ednculos o links, ni de la informaci\u00f3n y dem\u00e1s contenidos integrados en espacios o p\u00e1ginas web de terceros desde los que se acceda mediante enlaces, hiperv\u00ednculos o links al el sitio web www.dynamic-partners.es, ni de la informaci\u00f3n y contenidos de cualquier p\u00e1gina web de terceros que se presente bajo la apariencia o signos distintivos de Dynamic &amp; Partners S.L. , salvo autorizaci\u00f3n expresa de esta \u00faltima.<\/p>\n<p><strong>3.<\/strong><span>\u00a0<\/span>Dynamic &amp; Partners no asume responsabilidad alguna con relaci\u00f3n a la informaci\u00f3n, contenidos de todo tipo y productos ofertados a trav\u00e9s el sitio web www.dynamic-partners.es, y en especial por los da\u00f1os y perjuicios de cualquier tipo que vinculados a lo anterior puedan producirse por: (i) ausencia o deficiencias en la informaci\u00f3n facilitada a los usuarios o en su veracidad, exactitud y suficiencia; (ii) incumplimiento de las obligaciones que incumben a los prestadores de servicios de la sociedad de la informaci\u00f3n; (iii) infracci\u00f3n de los derechos de los consumidores y usuarios; (iv) infracci\u00f3n de los derechos de propiedad intelectual e industrial; realizaci\u00f3n de actos de competencia desleal o de publicidad il\u00edcita; y (v) en general el incumplimiento de cualesquiera leyes, costumbres o c\u00f3digos de conducta que resulten de aplicaci\u00f3n.<\/p>\n<p><strong>4.<\/strong><span>\u00a0<\/span>Dynamic &amp; Partners S.L. tampoco asume responsabilidad alguna por da\u00f1os, perjuicios, p\u00e9rdidas, reclamaciones o gastos, producidos por: (i) interferencias, interrupciones, fallos, omisiones, aver\u00edas telef\u00f3nicas, retrasos, bloqueos o desconexiones en el funcionamiento del sistema electr\u00f3nico, motivadas por deficiencias, sobrecargas y errores en las l\u00edneas y redes de telecomunicaciones, o por cualquier otra causa ajena al control de Dynamic &amp; Partners; (ii) intromisiones ileg\u00edtimas mediante el uso de programas malignos de cualquier tipo y a trav\u00e9s de cualquier medio de comunicaci\u00f3n, tales como virus inform\u00e1ticos o cualesquiera otros; (iii) uso indebido o inadecuado el sitio web www.dynamic-partners.es; (v) errores de seguridad o navegaci\u00f3n producidos por un mal funcionamiento del navegador o por el uso de versiones no actualizadas del mismo.<\/p>\n<p><strong>Legislaci\u00f3n aplicable y jurisdicci\u00f3n<\/strong><\/p>\n<p>Las relaciones establecidas entre \u00a0Dynamic &amp; Partners S.L. \u00a0y \u00a0el Usuario se regir\u00e1n por lo dispuesto en la normativa vigente acerca de la legislaci\u00f3n aplicable y la jurisdicci\u00f3n competente. No obstante, para los casos en los que la normativa prev\u00e9 la posibilidad a las partes de someterse a un fuero, y en tanto las condiciones particulares de la correspondiente oferta no indiquen otra cosa, Dynamic &amp; Partners S.L. y el Usuario, con renuncia expresa a cualquier otro fuero que pudiera corresponderles, se someten a los Juzgados y Tribunales de la ciudad de Madrid, provincia de Madrid, Espa\u00f1a.<\/p>\n<p><strong>Propiedad intelectual e industrial<\/strong><\/p>\n<p>Todos los contenidos, elementos e informaci\u00f3n a los que el Usuario puede tener acceso a trav\u00e9s del \u00abwebsite\u00bb est\u00e1n sujetos a derechos de Propiedad Intelectual e Industrial, patentes marcas, copyright titularidad de Dynamic &amp; Partners S.L. . o de terceros que sean titulares de los mismos y que han sido debidamente licenciados a Dynamic &amp; Partners S.L. . Este acceso, no permite a los Usuarios la alteraci\u00f3n, modificaci\u00f3n descompilaci\u00f3n, explotaci\u00f3n, publicaci\u00f3n, distribuci\u00f3n o comunicaci\u00f3n p\u00fablica o cualquier otro derecho que corresponda al titular de los mismos, sin contar con la previa autorizaci\u00f3n de Dynamic &amp; Partners S.L. El hecho de permitir a los Usuarios el acceso al \u00abwebsite\u00bb en ning\u00fan caso y en modo alguno implica una renuncia, transmisi\u00f3n, licencia o cesi\u00f3n total o parcial de los derechos de Propiedad Intelectual o Industrial que corresponden a Dynamic &amp; Partners S.L.<\/p>\n<p>www.dynamic-partners.es es un dominio registrado por Dynamic &amp; Partners S.L.. &#8211; Denominaci\u00f3n Social y Marca Registrada \u00bb Dynamic &amp; Partners S.L.\u00bb &#8211; el cual no podr\u00e1 ser utilizados en conexi\u00f3n con otros contenidos, productos o servicios que no sean de titularidad de Dynamic &amp; Partners S.L. o respecto de los cuales Dynamic &amp; Partners S.L. se encuentre autorizado a incluir en el \u00abwebsite\u00bb, ni de ninguna manera que pueda causar confusi\u00f3n entre los Usuarios. Por tanto, Dynamic &amp; Partners S.L. se reserva el derecho de impedir la utilizaci\u00f3n de denominaciones similares que puedan inducir a error al Usuario.<\/p>\n<h2><strong>Pol\u00edtica de privacidad y protecci\u00f3n de datos<\/strong><\/h2>\n<p><strong>A. Navegaci\u00f3n an\u00f3nima a trav\u00e9s de las p\u00e1ginas web<\/strong><\/p>\n<p>Dynamic &amp; Partners S.L. sociedad titular del web sitio www.dynamic-partners.es s\u00f3lo obtiene y conserva la siguiente informaci\u00f3n acerca de los visitantes de nuestro web:<\/p>\n<p>1. El nombre de dominio del proveedor (PSI) y\/o direcci\u00f3n IP que les da acceso a la red. De esta manera podemos elaborar estad\u00edsticas sobre los pa\u00edses y servidores que visitan m\u00e1s a menudo nuestro web.<\/p>\n<p>2. La fecha y hora de acceso a nuestro web. Ello nos permite averiguar las horas de m\u00e1s afluencia, y hacer los ajustes precisos para evitar problemas de saturaci\u00f3n en nuestras horas punta.<\/p>\n<p>3. La direcci\u00f3n de internet desde la que parti\u00f3 el link que dirige a nuestro web. Gracias a este dato, podemos conocer la efectividad de los distintos banners y enlaces que apuntan a nuestro servidor, con el fin de potenciar los que ofrezcan mejores resultados.<\/p>\n<p>4. El n\u00famero de visitantes diarios de cada secci\u00f3n. Ello nos permite conocer las \u00e1reas de m\u00e1s \u00e9xito y aumentar y mejorar su contenido, con el fin de que los usuarios obtengan un resultado m\u00e1s satisfactorio.<\/p>\n<p>La informaci\u00f3n obtenida es totalmente an\u00f3nima, y en ning\u00fan caso puede ser asociada a un usuario concreto e identificado.<\/p>\n<p><strong>B. Navegaci\u00f3n con cookies<\/strong><\/p>\n<p>La p\u00e1gina de nuestro web utiliza cookies, peque\u00f1os ficheros de datos que se generan en el ordenador del usuario y que nos permiten obtener la siguiente informaci\u00f3n:<\/p>\n<p>1. La fecha y hora de la \u00faltima vez que el usuario visit\u00f3 nuestro web.<\/p>\n<p>2. El dise\u00f1o de contenidos que el usuario escogi\u00f3 en su primera visita a nuestro web.<\/p>\n<p>3. Elementos de seguridad que intervienen en el control de acceso a las \u00e1reas restringidas.\u00a0<br \/>El usuario tiene la opci\u00f3n de impedir la generaci\u00f3n de cookies, mediante la selecci\u00f3n de la correspondiente opci\u00f3n en su programa navegador. Sin embargo, la empresa les advierte que la desactivaci\u00f3n de los mismos puede impedir el buen funcionamiento de la p\u00e1gina.<\/p>\n<p><strong>C. Cumplimiento de la Ley Org\u00e1nica sobre Protecci\u00f3n de Datos de Car\u00e1cter Personal<\/strong><\/p>\n<p>Dynamic &amp; Partners S.L. , sociedad de nacionalidad espa\u00f1ola con domicilio social en Av. Ciudad de Barcelona 132, 2\u00ba izda. 28007 Madrid\u00a0 (Spain). De acuerdo con la normativa vigente en materia de protecci\u00f3n de datos as\u00ed como en materia de servicios de la sociedad de la informaci\u00f3n y de comercio electr\u00f3nico, el usuario acepta que los datos personales aportados en el momento de la reserva o el registro, sean incorporados a ficheros titularidad de esta empresa, con la finalidad de facilitar la prestaci\u00f3n de los servicios solicitados, para la correcta identificaci\u00f3n de los usuarios que solicitan servicios personalizados en www.dynamic-partners.es, para la realizaci\u00f3n de estudios estad\u00edsticos de los usuarios registrados en www.dynamic-partners.es que permitan dise\u00f1ar mejoras en los servicios prestados, para la gesti\u00f3n de tareas b\u00e1sicas de administraci\u00f3n, as\u00ed como para mantenerle informado, bien por correo electr\u00f3nico bien por cualquier otro medio, de novedades, productos y servicios relacionados con Dynamic &amp; Partners S.L. o con terceras empresas colaboradoras. En el caso de comunicaciones comerciales a trav\u00e9s de correo electr\u00f3nico o medio equivalente, el usuario presta su consentimiento expreso para el env\u00edo de publicidad a trav\u00e9s de dicho medio.<\/p>\n<p>Asimismo, el usuario presta su consentimiento para que Dynamic &amp; Partners S.L. ceda sus datos al resto de empresas del \u201cGrupo Dynamic &amp; Partners\u201d con la \u00fanica finalidad de mejorar la prestaci\u00f3n de los servicios pactados, respetando, en todo caso, la legislaci\u00f3n espa\u00f1ola sobre protecci\u00f3n de los datos de car\u00e1cter personal.<\/p>\n<p>Dynamic &amp; Partners S.L. se compromete al cumplimiento de su obligaci\u00f3n de secreto de los datos de car\u00e1cter personal y de su deber de tratarlos con confidencialidad, y asume, a estos efectos, las medidas de \u00edndole t\u00e9cnica, organizativa y de seguridad necesarias para evitar su alteraci\u00f3n, p\u00e9rdida, tratamiento o acceso no autorizado, de acuerdo con lo establecido en la Ley Org\u00e1nica sobre Protecci\u00f3n de Datos de Car\u00e1cter Personal, y dem\u00e1s legislaci\u00f3n aplicable.<\/p>\n<p>Cualquier usuario registrado puede en cualquier momento ejercer el derecho a acceder, rectificar y, en su caso, cancelar sus datos de car\u00e1cter personal suministrados, mediante petici\u00f3n escrita dirigida a Av. Ciudad de Barcelona 132, 2\u00ba izda. 28007 Madrid \u2014 Spain. o escribiendo un mail a d&amp;p@dynamic-partners.es indicando en el asunto las palabras \u201cmodificaci\u00f3n\/cancelaci\u00f3n de datos personales\u201d.\u00a0<\/p>\n<p>[\/et_pb_text][\/et_pb_column][\/et_pb_row][\/et_pb_section]<\/p>\n","protected":false},"excerpt":{"rendered":"<p>Pol\u00edtica de Privacidad En cumplimiento de la Ley 34\/2002 de 11 de Julio, de Servicios de la Sociedad de la Informaci\u00f3n y Comercio Electr\u00f3nico,\u00a0y en cumplimiento del Reglamento (UE) 2016\/679, del Parlamento Europeo y del Consejo, de 27 de abril de 2016 (en adelante RGPD), Dynamic &amp; Partners S.L. pone de manifiesto la presente Pol\u00edtica [&hellip;]<\/p>\n","protected":false},"author":2,"featured_media":0,"parent":0,"menu_order":0,"comment_status":"closed","ping_status":"closed","template":"","meta":{"_et_pb_use_builder":"on","_et_pb_old_content":"","_et_gb_content_width":"","footnotes":""},"class_list":["post-1951","page","type-page","status-publish","hentry"],"yoast_head":"<!-- This site is optimized with the Yoast SEO plugin v24.7 - https:\/\/yoast.com\/wordpress\/plugins\/seo\/ -->\n<title>Pol\u00edtica de Privacidad - DMC Spain \u2013 Destination Management Company in Spain<\/title>\n<meta name=\"robots\" content=\"index, follow, max-snippet:-1, max-image-preview:large, max-video-preview:-1\" \/>\n<link rel=\"canonical\" href=\"https:\/\/www.dynamic-partners.es\/?page_id=1951\" \/>\n<meta property=\"og:locale\" content=\"es_ES\" \/>\n<meta property=\"og:type\" content=\"article\" \/>\n<meta property=\"og:title\" content=\"Pol\u00edtica de Privacidad - DMC Spain \u2013 Destination Management Company in Spain\" \/>\n<meta property=\"og:description\" content=\"Pol\u00edtica de Privacidad En cumplimiento de la Ley 34\/2002 de 11 de Julio, de Servicios de la Sociedad de la Informaci\u00f3n y Comercio Electr\u00f3nico,\u00a0y en cumplimiento del Reglamento (UE) 2016\/679, del Parlamento Europeo y del Consejo, de 27 de abril de 2016 (en adelante RGPD), Dynamic &amp; Partners S.L. pone de manifiesto la presente Pol\u00edtica [&hellip;]\" \/>\n<meta property=\"og:url\" content=\"https:\/\/www.dynamic-partners.es\/?page_id=1951\" \/>\n<meta property=\"og:site_name\" content=\"DMC Spain \u2013 Destination Management Company in Spain\" \/>\n<meta property=\"article:publisher\" content=\"https:\/\/www.facebook.com\/dynamicpartners\/\" \/>\n<meta property=\"article:modified_time\" content=\"2021-08-23T21:14:47+00:00\" \/>\n<meta name=\"twitter:card\" content=\"summary_large_image\" \/>\n<meta name=\"twitter:site\" content=\"@dynamicpartner\" \/>\n<meta name=\"twitter:label1\" content=\"Tiempo de lectura\" \/>\n\t<meta name=\"twitter:data1\" content=\"9 minutos\" \/>\n<script type=\"application\/ld+json\" class=\"yoast-schema-graph\">{\"@context\":\"https:\/\/schema.org\",\"@graph\":[{\"@type\":\"WebPage\",\"@id\":\"https:\/\/www.dynamic-partners.es\/?page_id=1951\",\"url\":\"https:\/\/www.dynamic-partners.es\/?page_id=1951\",\"name\":\"Pol\u00edtica de Privacidad - DMC Spain \u2013 Destination Management Company in Spain\",\"isPartOf\":{\"@id\":\"https:\/\/www.dynamic-partners.es\/#website\"},\"datePublished\":\"2021-08-01T22:00:50+00:00\",\"dateModified\":\"2021-08-23T21:14:47+00:00\",\"breadcrumb\":{\"@id\":\"https:\/\/www.dynamic-partners.es\/?page_id=1951#breadcrumb\"},\"inLanguage\":\"es\",\"potentialAction\":[{\"@type\":\"ReadAction\",\"target\":[\"https:\/\/www.dynamic-partners.es\/?page_id=1951\"]}]},{\"@type\":\"BreadcrumbList\",\"@id\":\"https:\/\/www.dynamic-partners.es\/?page_id=1951#breadcrumb\",\"itemListElement\":[{\"@type\":\"ListItem\",\"position\":1,\"name\":\"Portada\",\"item\":\"https:\/\/www.dynamic-partners.es\/\"},{\"@type\":\"ListItem\",\"position\":2,\"name\":\"Pol\u00edtica de Privacidad\"}]},{\"@type\":\"WebSite\",\"@id\":\"https:\/\/www.dynamic-partners.es\/#website\",\"url\":\"https:\/\/www.dynamic-partners.es\/\",\"name\":\"DMC Spain \u2013 Destination Management Company in Spain\",\"description\":\"Dynamic &amp; Partners DMC\",\"publisher\":{\"@id\":\"https:\/\/www.dynamic-partners.es\/#organization\"},\"potentialAction\":[{\"@type\":\"SearchAction\",\"target\":{\"@type\":\"EntryPoint\",\"urlTemplate\":\"https:\/\/www.dynamic-partners.es\/?s={search_term_string}\"},\"query-input\":{\"@type\":\"PropertyValueSpecification\",\"valueRequired\":true,\"valueName\":\"search_term_string\"}}],\"inLanguage\":\"es\"},{\"@type\":\"Organization\",\"@id\":\"https:\/\/www.dynamic-partners.es\/#organization\",\"name\":\"DYNAMIC & PARTNERS - Incentives & Conventions SPAIN & PORTUGAL\",\"url\":\"https:\/\/www.dynamic-partners.es\/\",\"logo\":{\"@type\":\"ImageObject\",\"inLanguage\":\"es\",\"@id\":\"https:\/\/www.dynamic-partners.es\/#\/schema\/logo\/image\/\",\"url\":\"https:\/\/www.dynamic-partners.es\/wp-content\/uploads\/2021\/03\/logo_dp_backgoung_white.png\",\"contentUrl\":\"https:\/\/www.dynamic-partners.es\/wp-content\/uploads\/2021\/03\/logo_dp_backgoung_white.png\",\"width\":248,\"height\":80,\"caption\":\"DYNAMIC & PARTNERS - Incentives & Conventions SPAIN & PORTUGAL\"},\"image\":{\"@id\":\"https:\/\/www.dynamic-partners.es\/#\/schema\/logo\/image\/\"},\"sameAs\":[\"https:\/\/www.facebook.com\/dynamicpartners\/\",\"https:\/\/x.com\/dynamicpartner\",\"https:\/\/www.instagram.com\/dynamicpartners\/\"]}]}<\/script>\n<!-- \/ Yoast SEO plugin. -->","yoast_head_json":{"title":"Pol\u00edtica de Privacidad - DMC Spain \u2013 Destination Management Company in Spain","robots":{"index":"index","follow":"follow","max-snippet":"max-snippet:-1","max-image-preview":"max-image-preview:large","max-video-preview":"max-video-preview:-1"},"canonical":"https:\/\/www.dynamic-partners.es\/?page_id=1951","og_locale":"es_ES","og_type":"article","og_title":"Pol\u00edtica de Privacidad - DMC Spain \u2013 Destination Management Company in Spain","og_description":"Pol\u00edtica de Privacidad En cumplimiento de la Ley 34\/2002 de 11 de Julio, de Servicios de la Sociedad de la Informaci\u00f3n y Comercio Electr\u00f3nico,\u00a0y en cumplimiento del Reglamento (UE) 2016\/679, del Parlamento Europeo y del Consejo, de 27 de abril de 2016 (en adelante RGPD), Dynamic &amp; Partners S.L. pone de manifiesto la presente Pol\u00edtica [&hellip;]","og_url":"https:\/\/www.dynamic-partners.es\/?page_id=1951","og_site_name":"DMC Spain \u2013 Destination Management Company in Spain","article_publisher":"https:\/\/www.facebook.com\/dynamicpartners\/","article_modified_time":"2021-08-23T21:14:47+00:00","twitter_card":"summary_large_image","twitter_site":"@dynamicpartner","twitter_misc":{"Tiempo de lectura":"9 minutos"},"schema":{"@context":"https:\/\/schema.org","@graph":[{"@type":"WebPage","@id":"https:\/\/www.dynamic-partners.es\/?page_id=1951","url":"https:\/\/www.dynamic-partners.es\/?page_id=1951","name":"Pol\u00edtica de Privacidad - DMC Spain \u2013 Destination Management Company in Spain","isPartOf":{"@id":"https:\/\/www.dynamic-partners.es\/#website"},"datePublished":"2021-08-01T22:00:50+00:00","dateModified":"2021-08-23T21:14:47+00:00","breadcrumb":{"@id":"https:\/\/www.dynamic-partners.es\/?page_id=1951#breadcrumb"},"inLanguage":"es","potentialAction":[{"@type":"ReadAction","target":["https:\/\/www.dynamic-partners.es\/?page_id=1951"]}]},{"@type":"BreadcrumbList","@id":"https:\/\/www.dynamic-partners.es\/?page_id=1951#breadcrumb","itemListElement":[{"@type":"ListItem","position":1,"name":"Portada","item":"https:\/\/www.dynamic-partners.es\/"},{"@type":"ListItem","position":2,"name":"Pol\u00edtica de Privacidad"}]},{"@type":"WebSite","@id":"https:\/\/www.dynamic-partners.es\/#website","url":"https:\/\/www.dynamic-partners.es\/","name":"DMC Spain \u2013 Destination Management Company in Spain","description":"Dynamic &amp; Partners DMC","publisher":{"@id":"https:\/\/www.dynamic-partners.es\/#organization"},"potentialAction":[{"@type":"SearchAction","target":{"@type":"EntryPoint","urlTemplate":"https:\/\/www.dynamic-partners.es\/?s={search_term_string}"},"query-input":{"@type":"PropertyValueSpecification","valueRequired":true,"valueName":"search_term_string"}}],"inLanguage":"es"},{"@type":"Organization","@id":"https:\/\/www.dynamic-partners.es\/#organization","name":"DYNAMIC & PARTNERS - Incentives & Conventions SPAIN & PORTUGAL","url":"https:\/\/www.dynamic-partners.es\/","logo":{"@type":"ImageObject","inLanguage":"es","@id":"https:\/\/www.dynamic-partners.es\/#\/schema\/logo\/image\/","url":"https:\/\/www.dynamic-partners.es\/wp-content\/uploads\/2021\/03\/logo_dp_backgoung_white.png","contentUrl":"https:\/\/www.dynamic-partners.es\/wp-content\/uploads\/2021\/03\/logo_dp_backgoung_white.png","width":248,"height":80,"caption":"DYNAMIC & PARTNERS - Incentives & Conventions SPAIN & PORTUGAL"},"image":{"@id":"https:\/\/www.dynamic-partners.es\/#\/schema\/logo\/image\/"},"sameAs":["https:\/\/www.facebook.com\/dynamicpartners\/","https:\/\/x.com\/dynamicpartner","https:\/\/www.instagram.com\/dynamicpartners\/"]}]}},"_links":{"self":[{"href":"https:\/\/www.dynamic-partners.es\/index.php?rest_route=\/wp\/v2\/pages\/1951","targetHints":{"allow":["GET"]}}],"collection":[{"href":"https:\/\/www.dynamic-partners.es\/index.php?rest_route=\/wp\/v2\/pages"}],"about":[{"href":"https:\/\/www.dynamic-partners.es\/index.php?rest_route=\/wp\/v2\/types\/page"}],"author":[{"embeddable":true,"href":"https:\/\/www.dynamic-partners.es\/index.php?rest_route=\/wp\/v2\/users\/2"}],"replies":[{"embeddable":true,"href":"https:\/\/www.dynamic-partners.es\/index.php?rest_route=%2Fwp%2Fv2%2Fcomments&post=1951"}],"version-history":[{"count":10,"href":"https:\/\/www.dynamic-partners.es\/index.php?rest_route=\/wp\/v2\/pages\/1951\/revisions"}],"predecessor-version":[{"id":2505,"href":"https:\/\/www.dynamic-partners.es\/index.php?rest_route=\/wp\/v2\/pages\/1951\/revisions\/2505"}],"wp:attachment":[{"href":"https:\/\/www.dynamic-partners.es\/index.php?rest_route=%2Fwp%2Fv2%2Fmedia&parent=1951"}],"curies":[{"name":"wp","href":"https:\/\/api.w.org\/{rel}","templated":true}]}}